{"id":4297,"date":"2026-02-16T15:28:37","date_gmt":"2026-02-16T14:28:37","guid":{"rendered":"https:\/\/www.sport28.fr\/?page_id=4297"},"modified":"2026-02-16T15:28:37","modified_gmt":"2026-02-16T14:28:37","slug":"formation-2026","status":"publish","type":"page","link":"https:\/\/www.sport28.fr\/index.php\/formation-2026\/","title":{"rendered":"Formation 2026"},"content":{"rendered":"\n<p>Dans le cadre des <strong>formations gratuites organis\u00e9es par le CDOS 28<\/strong>, \u00e0 destination des b\u00e9n\u00e9voles et salari\u00e9s des associations sportives, nous avons le plaisir de vous transmettre le <strong>programme des formations des mois de mars et avril 2026<\/strong>.<\/p>\n\n\n\n<p><strong><u>Mars&nbsp;:<\/u><\/strong><\/p>\n\n\n\n<p>\ud83d\udccc <strong>Formation \u2013 Module 2 : Construire un dossier de partenariat priv\u00e9<\/strong><br>Deux sessions sont propos\u00e9es (m\u00eame contenu) afin de permettre aux participants de choisir la date qui leur convient :<\/p>\n\n\n\n<ul class=\"wp-block-list\">\n<li><strong>Lundi 2 mars 2026<\/strong> de <strong>18h30 \u00e0 20h30 en Visio<\/strong><\/li>\n\n\n\n<li><strong>Lundi 20 avril 2026<\/strong> de <strong>18h00 \u00e0 21h00 en Visio<\/strong><\/li>\n\n\n\n<li><strong>Lien d\u2019inscription\u00a0: <a href=\"https:\/\/docs.google.com\/forms\/d\/1BtFft1pb_BCv1n_8dvjamXrx-wA7zAabzU86LgGnEcE\/edit\">https:\/\/docs.google.com\/forms\/d\/1BtFft1pb_BCv1n_8dvjamXrx-wA7zAabzU86LgGnEcE\/edit<\/a><\/strong><\/li>\n<\/ul>\n\n\n\n<p>\ud83d\udccc <strong>Formation \u2013 BasiCompta<\/strong><\/p>\n\n\n\n<p>Outil de gestion de comptabilit\u00e9 destin\u00e9 aux associations sportives :<\/p>\n\n\n\n<ul class=\"wp-block-list\">\n<li><strong>Mardi 24 mars 2026<\/strong> de <strong>18h30 \u00e0 20h30 en pr\u00e9sentiel (L\u00e8ves)<\/strong><\/li>\n\n\n\n<li><strong>Lien d\u2019inscription\u00a0: <a href=\"https:\/\/docs.google.com\/forms\/d\/1uP9KkRfDoeijz0gshupMQ8EMfWmEOjuBAIuci43Ao8M\/edit\">https:\/\/docs.google.com\/forms\/d\/1uP9KkRfDoeijz0gshupMQ8EMfWmEOjuBAIuci43Ao8M\/edit<\/a><\/strong><\/li>\n<\/ul>\n\n\n\n<p>\ud83d\udccc <strong>Formation \u2013 Formaliser son projet associatif<\/strong><\/p>\n\n\n\n<p>D\u00e9finir les diff\u00e9rentes \u00e9tapes d\u2019\u00e9criture du projet associatif<\/p>\n\n\n\n<ul class=\"wp-block-list\">\n<li><strong>Jeudi 26 mars 2026<\/strong> de <strong>18h30 \u00e0 21h00 en pr\u00e9sentiel (L\u00e8ves)<\/strong><\/li>\n\n\n\n<li><strong>Lien d\u2019inscription\u00a0: <a href=\"https:\/\/docs.google.com\/forms\/d\/1T0dAO81b4877VtvGL5BJcmjwlrR16drRpOyAF-u_Rlg\/edit\">https:\/\/docs.google.com\/forms\/d\/1T0dAO81b4877VtvGL5BJcmjwlrR16drRpOyAF-u_Rlg\/edit<\/a><\/strong><\/li>\n<\/ul>\n\n\n\n<p><strong><u>Avril&nbsp;:<\/u><\/strong><\/p>\n\n\n\n<p>\ud83d\udccc <strong>Formation \u2013 Organiser une assembl\u00e9e g\u00e9n\u00e9rale<\/strong><\/p>\n\n\n\n<p>D\u00e9terminer les \u00e9l\u00e9ments n\u00e9cessaires \u00e0 la pr\u00e9paration d\u2019une assembl\u00e9e g\u00e9n\u00e9rale<\/p>\n\n\n\n<ul class=\"wp-block-list\">\n<li><strong>Lundi 27 avril 2026<\/strong> de <strong>18h30 \u00e0 21h00 en pr\u00e9sentiel (L\u00e8ves)<\/strong><\/li>\n\n\n\n<li><strong>Lien d\u2019inscription\u00a0: <a href=\"https:\/\/docs.google.com\/forms\/d\/10dfh6xB1d4aZmpfvYfK6mhX5mpMgHHHNlqJRdq_xeoA\/edit\">https:\/\/docs.google.com\/forms\/d\/10dfh6xB1d4aZmpfvYfK6mhX5mpMgHHHNlqJRdq_xeoA\/edit<\/a><\/strong><\/li>\n<\/ul>\n\n\n\n<p><strong><u>Mai&nbsp;:<\/u><\/strong><\/p>\n\n\n\n<p>\ud83d\udccc <strong>Formation \u2013 Nouveaux dirigeants<\/strong><\/p>\n\n\n\n<p>Mieux appr\u00e9hender sa nouvelle fonction de dirigeant associatif.<\/p>\n\n\n\n<ul class=\"wp-block-list\">\n<li><strong>Mardi 05 mai 2026<\/strong> de <strong>18h30 \u00e0 21h00 en pr\u00e9sentiel (L\u00e8ves)<\/strong><\/li>\n\n\n\n<li><strong>Lien d\u2019inscription\u00a0: <a href=\"https:\/\/docs.google.com\/forms\/d\/1lYJBIBqW_7-mi62gFVrR3pVUmR6NugnEw-vPjdd5yKg\/edit\">https:\/\/docs.google.com\/forms\/d\/1lYJBIBqW_7-mi62gFVrR3pVUmR6NugnEw-vPjdd5yKg\/edit<\/a><\/strong><\/li>\n<\/ul>\n\n\n\n<p><strong><u>Juin&nbsp;:<\/u><\/strong><\/p>\n\n\n\n<p>\ud83d\udccc <strong>Formation \u2013 BasiCompta<\/strong><\/p>\n\n\n\n<p>Outil de gestion de comptabilit\u00e9 destin\u00e9 aux associations sportives :<\/p>\n\n\n\n<ul class=\"wp-block-list\">\n<li><strong>Mardi 09 juin 2026<\/strong> de <strong>18h30 \u00e0 21h00 en pr\u00e9sentiel (L\u00e8ves)<\/strong><\/li>\n\n\n\n<li><strong>Lien d\u2019inscription\u00a0: <a href=\"https:\/\/docs.google.com\/forms\/d\/1RmFuuY_keTw6c7sWQzVh3Dk59rhEyybF5pb8obdMBJk\/edit\">https:\/\/docs.google.com\/forms\/d\/1RmFuuY_keTw6c7sWQzVh3Dk59rhEyybF5pb8obdMBJk\/edit<\/a><\/strong><\/li>\n<\/ul>\n\n\n\n<p>\ud83d\udccc <strong>Formation \u2013 Connaitre les responsabilit\u00e9s associatives<\/strong><\/p>\n\n\n\n<p>Analyser les responsabilit\u00e9s de l\u2019association et mettre en place des moyens pour en limiter les risques<\/p>\n\n\n\n<ul class=\"wp-block-list\">\n<li><strong>Mardi 16 juin 2026<\/strong> de <strong>18h30 \u00e0 21h00 en pr\u00e9sentiel (L\u00e8ves)<\/strong><\/li>\n\n\n\n<li><strong>Lien d\u2019inscription\u00a0: <a href=\"https:\/\/docs.google.com\/forms\/d\/1GQ5A6d2V6g9ExumlULCMidK2FUpdv4JVvegclU0i8D4\/edit\">https:\/\/docs.google.com\/forms\/d\/1GQ5A6d2V6g9ExumlULCMidK2FUpdv4JVvegclU0i8D4\/edit<\/a><\/strong><\/li>\n<\/ul>\n\n\n\n<p>\ud83d\udccc <strong>Formation \u2013 Les r\u00e8gles fiscales &nbsp;<\/strong><\/p>\n\n\n\n<p>Comprendre les r\u00e8gles fiscales li\u00e9es aux b\u00e9n\u00e9voles et aux abandons de remboursement.<\/p>\n\n\n\n<ul class=\"wp-block-list\">\n<li><strong>Mardi 23 juin 2026<\/strong> de <strong>18h30 \u00e0 21h00 en pr\u00e9sentiel (L\u00e8ves)<\/strong><\/li>\n\n\n\n<li><strong>Lien d\u2019inscription\u00a0: <a href=\"https:\/\/docs.google.com\/forms\/d\/17-jVbGYwcnzufYROne1a9ASuycpsnhLmag3F86jhl5w\/edit\">https:\/\/docs.google.com\/forms\/d\/17-jVbGYwcnzufYROne1a9ASuycpsnhLmag3F86jhl5w\/edit<\/a><\/strong><\/li>\n<\/ul>\n\n\n\n<p>\ud83d\udc49 <strong><u>L\u2019inscription est obligatoire<\/u><\/strong> pour chaque formation via les liens correspondants.<\/p>\n\n\n\n<div data-wp-interactive=\"core\/file\" class=\"wp-block-file\"><object data-wp-bind--hidden=\"!state.hasPdfPreview\" hidden class=\"wp-block-file__embed\" data=\"https:\/\/www.sport28.fr\/wp-content\/uploads\/2026\/02\/programme-des-formations-2026.pdf\" type=\"application\/pdf\" style=\"width:100%;height:600px\" aria-label=\"Contenu embarqu\u00e9 programme des formations 2026.\"><\/object><a id=\"wp-block-file--media-6d999fff-bd67-4c0c-a1da-a55a1b6b0733\" href=\"https:\/\/www.sport28.fr\/wp-content\/uploads\/2026\/02\/programme-des-formations-2026.pdf\">programme des formations 2026<\/a><a href=\"https:\/\/www.sport28.fr\/wp-content\/uploads\/2026\/02\/programme-des-formations-2026.pdf\" class=\"wp-block-file__button wp-element-button\" download aria-describedby=\"wp-block-file--media-6d999fff-bd67-4c0c-a1da-a55a1b6b0733\">T\u00e9l\u00e9charger<\/a><\/div>\n\n\n\n<p><\/p>\n","protected":false},"excerpt":{"rendered":"<p>Dans le cadre des formations gratuites organis\u00e9es par le CDOS 28, \u00e0 destination des b\u00e9n\u00e9voles et salari\u00e9s des associations sportives, nous avons le plaisir de vous transmettre le programme des [&hellip;]<\/p>\n","protected":false},"author":1,"featured_media":0,"parent":0,"menu_order":0,"comment_status":"closed","ping_status":"closed","template":"","meta":{"footnotes":""},"class_list":["post-4297","page","type-page","status-publish","hentry"],"yoast_head":"<!-- This site is optimized with the Yoast SEO plugin v27.3 - https:\/\/yoast.com\/product\/yoast-seo-wordpress\/ -->\n<title>Formation 2026 - CDOS 28<\/title>\n<meta name=\"robots\" content=\"index, follow, max-snippet:-1, max-image-preview:large, max-video-preview:-1\" \/>\n<link rel=\"canonical\" href=\"https:\/\/www.sport28.fr\/index.php\/formation-2026\/\" \/>\n<meta property=\"og:locale\" content=\"fr_FR\" \/>\n<meta property=\"og:type\" content=\"article\" \/>\n<meta property=\"og:title\" content=\"Formation 2026 - CDOS 28\" \/>\n<meta property=\"og:description\" content=\"Dans le cadre des formations gratuites organis\u00e9es par le CDOS 28, \u00e0 destination des b\u00e9n\u00e9voles et salari\u00e9s des associations sportives, nous avons le plaisir de vous transmettre le programme des [&hellip;]\" \/>\n<meta property=\"og:url\" content=\"https:\/\/www.sport28.fr\/index.php\/formation-2026\/\" \/>\n<meta property=\"og:site_name\" content=\"CDOS 28\" \/>\n<meta property=\"article:publisher\" content=\"https:\/\/www.facebook.com\/CDOS28?locale=fr_FR\" \/>\n<meta property=\"og:image\" content=\"https:\/\/www.sport28.fr\/wp-content\/uploads\/2023\/10\/cdos_eure_et_loir_logo.jpg\" \/>\n\t<meta property=\"og:image:width\" content=\"1000\" \/>\n\t<meta property=\"og:image:height\" content=\"1000\" \/>\n\t<meta property=\"og:image:type\" content=\"image\/jpeg\" \/>\n<meta name=\"twitter:card\" content=\"summary_large_image\" \/>\n<meta name=\"twitter:label1\" content=\"Dur\u00e9e de lecture estim\u00e9e\" \/>\n\t<meta name=\"twitter:data1\" content=\"2 minutes\" \/>\n<script type=\"application\/ld+json\" class=\"yoast-schema-graph\">{\"@context\":\"https:\\\/\\\/schema.org\",\"@graph\":[{\"@type\":\"WebPage\",\"@id\":\"https:\\\/\\\/www.sport28.fr\\\/index.php\\\/formation-2026\\\/\",\"url\":\"https:\\\/\\\/www.sport28.fr\\\/index.php\\\/formation-2026\\\/\",\"name\":\"Formation 2026 - CDOS 28\",\"isPartOf\":{\"@id\":\"https:\\\/\\\/www.sport28.fr\\\/#website\"},\"datePublished\":\"2026-02-16T14:28:37+00:00\",\"breadcrumb\":{\"@id\":\"https:\\\/\\\/www.sport28.fr\\\/index.php\\\/formation-2026\\\/#breadcrumb\"},\"inLanguage\":\"fr-FR\",\"potentialAction\":[{\"@type\":\"ReadAction\",\"target\":[\"https:\\\/\\\/www.sport28.fr\\\/index.php\\\/formation-2026\\\/\"]}]},{\"@type\":\"BreadcrumbList\",\"@id\":\"https:\\\/\\\/www.sport28.fr\\\/index.php\\\/formation-2026\\\/#breadcrumb\",\"itemListElement\":[{\"@type\":\"ListItem\",\"position\":1,\"name\":\"Accueil\",\"item\":\"https:\\\/\\\/www.sport28.fr\\\/\"},{\"@type\":\"ListItem\",\"position\":2,\"name\":\"Formation 2026\"}]},{\"@type\":\"WebSite\",\"@id\":\"https:\\\/\\\/www.sport28.fr\\\/#website\",\"url\":\"https:\\\/\\\/www.sport28.fr\\\/\",\"name\":\"CDOS 28\",\"description\":\"Comit\u00e9 D\u00e9partementale Olympique et Sportif d&#039;Eure et Loir\",\"publisher\":{\"@id\":\"https:\\\/\\\/www.sport28.fr\\\/#organization\"},\"potentialAction\":[{\"@type\":\"SearchAction\",\"target\":{\"@type\":\"EntryPoint\",\"urlTemplate\":\"https:\\\/\\\/www.sport28.fr\\\/?s={search_term_string}\"},\"query-input\":{\"@type\":\"PropertyValueSpecification\",\"valueRequired\":true,\"valueName\":\"search_term_string\"}}],\"inLanguage\":\"fr-FR\"},{\"@type\":\"Organization\",\"@id\":\"https:\\\/\\\/www.sport28.fr\\\/#organization\",\"name\":\"Comit\u00e9 d\u00e9partemental olympique et sportif d'eure-et-loir\",\"alternateName\":\"cdos 28\",\"url\":\"https:\\\/\\\/www.sport28.fr\\\/\",\"logo\":{\"@type\":\"ImageObject\",\"inLanguage\":\"fr-FR\",\"@id\":\"https:\\\/\\\/www.sport28.fr\\\/#\\\/schema\\\/logo\\\/image\\\/\",\"url\":\"https:\\\/\\\/www.sport28.fr\\\/wp-content\\\/uploads\\\/2023\\\/10\\\/cdos_eure_et_loir_logo.jpg\",\"contentUrl\":\"https:\\\/\\\/www.sport28.fr\\\/wp-content\\\/uploads\\\/2023\\\/10\\\/cdos_eure_et_loir_logo.jpg\",\"width\":1000,\"height\":1000,\"caption\":\"Comit\u00e9 d\u00e9partemental olympique et sportif d'eure-et-loir\"},\"image\":{\"@id\":\"https:\\\/\\\/www.sport28.fr\\\/#\\\/schema\\\/logo\\\/image\\\/\"},\"sameAs\":[\"https:\\\/\\\/www.facebook.com\\\/CDOS28?locale=fr_FR\"]}]}<\/script>\n<!-- \/ Yoast SEO plugin. -->","yoast_head_json":{"title":"Formation 2026 - CDOS 28","robots":{"index":"index","follow":"follow","max-snippet":"max-snippet:-1","max-image-preview":"max-image-preview:large","max-video-preview":"max-video-preview:-1"},"canonical":"https:\/\/www.sport28.fr\/index.php\/formation-2026\/","og_locale":"fr_FR","og_type":"article","og_title":"Formation 2026 - CDOS 28","og_description":"Dans le cadre des formations gratuites organis\u00e9es par le CDOS 28, \u00e0 destination des b\u00e9n\u00e9voles et salari\u00e9s des associations sportives, nous avons le plaisir de vous transmettre le programme des [&hellip;]","og_url":"https:\/\/www.sport28.fr\/index.php\/formation-2026\/","og_site_name":"CDOS 28","article_publisher":"https:\/\/www.facebook.com\/CDOS28?locale=fr_FR","og_image":[{"width":1000,"height":1000,"url":"https:\/\/www.sport28.fr\/wp-content\/uploads\/2023\/10\/cdos_eure_et_loir_logo.jpg","type":"image\/jpeg"}],"twitter_card":"summary_large_image","twitter_misc":{"Dur\u00e9e de lecture estim\u00e9e":"2 minutes"},"schema":{"@context":"https:\/\/schema.org","@graph":[{"@type":"WebPage","@id":"https:\/\/www.sport28.fr\/index.php\/formation-2026\/","url":"https:\/\/www.sport28.fr\/index.php\/formation-2026\/","name":"Formation 2026 - CDOS 28","isPartOf":{"@id":"https:\/\/www.sport28.fr\/#website"},"datePublished":"2026-02-16T14:28:37+00:00","breadcrumb":{"@id":"https:\/\/www.sport28.fr\/index.php\/formation-2026\/#breadcrumb"},"inLanguage":"fr-FR","potentialAction":[{"@type":"ReadAction","target":["https:\/\/www.sport28.fr\/index.php\/formation-2026\/"]}]},{"@type":"BreadcrumbList","@id":"https:\/\/www.sport28.fr\/index.php\/formation-2026\/#breadcrumb","itemListElement":[{"@type":"ListItem","position":1,"name":"Accueil","item":"https:\/\/www.sport28.fr\/"},{"@type":"ListItem","position":2,"name":"Formation 2026"}]},{"@type":"WebSite","@id":"https:\/\/www.sport28.fr\/#website","url":"https:\/\/www.sport28.fr\/","name":"CDOS 28","description":"Comit\u00e9 D\u00e9partementale Olympique et Sportif d&#039;Eure et Loir","publisher":{"@id":"https:\/\/www.sport28.fr\/#organization"},"potentialAction":[{"@type":"SearchAction","target":{"@type":"EntryPoint","urlTemplate":"https:\/\/www.sport28.fr\/?s={search_term_string}"},"query-input":{"@type":"PropertyValueSpecification","valueRequired":true,"valueName":"search_term_string"}}],"inLanguage":"fr-FR"},{"@type":"Organization","@id":"https:\/\/www.sport28.fr\/#organization","name":"Comit\u00e9 d\u00e9partemental olympique et sportif d'eure-et-loir","alternateName":"cdos 28","url":"https:\/\/www.sport28.fr\/","logo":{"@type":"ImageObject","inLanguage":"fr-FR","@id":"https:\/\/www.sport28.fr\/#\/schema\/logo\/image\/","url":"https:\/\/www.sport28.fr\/wp-content\/uploads\/2023\/10\/cdos_eure_et_loir_logo.jpg","contentUrl":"https:\/\/www.sport28.fr\/wp-content\/uploads\/2023\/10\/cdos_eure_et_loir_logo.jpg","width":1000,"height":1000,"caption":"Comit\u00e9 d\u00e9partemental olympique et sportif d'eure-et-loir"},"image":{"@id":"https:\/\/www.sport28.fr\/#\/schema\/logo\/image\/"},"sameAs":["https:\/\/www.facebook.com\/CDOS28?locale=fr_FR"]}]}},"_links":{"self":[{"href":"https:\/\/www.sport28.fr\/index.php\/wp-json\/wp\/v2\/pages\/4297","targetHints":{"allow":["GET"]}}],"collection":[{"href":"https:\/\/www.sport28.fr\/index.php\/wp-json\/wp\/v2\/pages"}],"about":[{"href":"https:\/\/www.sport28.fr\/index.php\/wp-json\/wp\/v2\/types\/page"}],"author":[{"embeddable":true,"href":"https:\/\/www.sport28.fr\/index.php\/wp-json\/wp\/v2\/users\/1"}],"replies":[{"embeddable":true,"href":"https:\/\/www.sport28.fr\/index.php\/wp-json\/wp\/v2\/comments?post=4297"}],"version-history":[{"count":1,"href":"https:\/\/www.sport28.fr\/index.php\/wp-json\/wp\/v2\/pages\/4297\/revisions"}],"predecessor-version":[{"id":4299,"href":"https:\/\/www.sport28.fr\/index.php\/wp-json\/wp\/v2\/pages\/4297\/revisions\/4299"}],"wp:attachment":[{"href":"https:\/\/www.sport28.fr\/index.php\/wp-json\/wp\/v2\/media?parent=4297"}],"curies":[{"name":"wp","href":"https:\/\/api.w.org\/{rel}","templated":true}]}}