{"id":2964,"date":"2024-10-03T14:31:44","date_gmt":"2024-10-03T12:31:44","guid":{"rendered":"https:\/\/www.sport28.fr\/?page_id=2964"},"modified":"2024-12-05T11:32:38","modified_gmt":"2024-12-05T10:32:38","slug":"numeros-decoute","status":"publish","type":"page","link":"https:\/\/www.sport28.fr\/index.php\/numeros-decoute\/","title":{"rendered":"Num\u00e9ros d&rsquo;\u00e9coute"},"content":{"rendered":"\t\t<div data-elementor-type=\"wp-page\" data-elementor-id=\"2964\" class=\"elementor elementor-2964\" data-elementor-post-type=\"page\">\n\t\t\t\t<div class=\"elementor-element elementor-element-8b617ce e-flex e-con-boxed e-con e-parent\" data-id=\"8b617ce\" data-element_type=\"container\" data-e-type=\"container\">\n\t\t\t\t\t<div class=\"e-con-inner\">\n\t\t\t\t<div class=\"elementor-element elementor-element-efabd53 elementor-widget elementor-widget-heading\" data-id=\"efabd53\" data-element_type=\"widget\" data-e-type=\"widget\" data-widget_type=\"heading.default\">\n\t\t\t\t<div class=\"elementor-widget-container\">\n\t\t\t\t\t<h2 class=\"elementor-heading-title elementor-size-default\">Les num\u00e9ros d'\u00e9coute en fonction de votre situation <\/h2>\t\t\t\t<\/div>\n\t\t\t\t<\/div>\n\t\t\t\t\t<\/div>\n\t\t\t\t<\/div>\n\t\t<div class=\"elementor-element elementor-element-bd5a285 e-flex e-con-boxed elementor-invisible e-con e-parent\" data-id=\"bd5a285\" data-element_type=\"container\" data-e-type=\"container\" data-settings=\"{&quot;animation&quot;:&quot;fadeInRight&quot;}\">\n\t\t\t\t\t<div class=\"e-con-inner\">\n\t\t<div class=\"elementor-element elementor-element-c638cfe e-con-full e-flex e-con e-child\" data-id=\"c638cfe\" data-element_type=\"container\" data-e-type=\"container\">\n\t\t\t\t<div class=\"elementor-element elementor-element-74b25a3 elementor-widget elementor-widget-image\" data-id=\"74b25a3\" data-element_type=\"widget\" data-e-type=\"widget\" data-widget_type=\"image.default\">\n\t\t\t\t<div class=\"elementor-widget-container\">\n\t\t\t\t\t\t\t\t\t\t\t\t\t\t\t<img fetchpriority=\"high\" decoding=\"async\" width=\"359\" height=\"347\" src=\"https:\/\/www.sport28.fr\/wp-content\/uploads\/2024\/10\/17-police.jpg\" class=\"attachment-large size-large wp-image-2970\" alt=\"\" srcset=\"https:\/\/www.sport28.fr\/wp-content\/uploads\/2024\/10\/17-police.jpg 359w, https:\/\/www.sport28.fr\/wp-content\/uploads\/2024\/10\/17-police-300x290.jpg 300w\" sizes=\"(max-width: 359px) 100vw, 359px\" \/>\t\t\t\t\t\t\t\t\t\t\t\t\t\t\t<\/div>\n\t\t\t\t<\/div>\n\t\t\t\t<\/div>\n\t\t<div class=\"elementor-element elementor-element-811919f e-con-full e-flex e-con e-child\" data-id=\"811919f\" data-element_type=\"container\" data-e-type=\"container\">\n\t\t\t\t<div class=\"elementor-element elementor-element-c416522 elementor-widget__width-initial elementor-widget elementor-widget-image\" data-id=\"c416522\" data-element_type=\"widget\" data-e-type=\"widget\" data-widget_type=\"image.default\">\n\t\t\t\t<div class=\"elementor-widget-container\">\n\t\t\t\t\t\t\t\t\t\t\t\t\t\t\t<img decoding=\"async\" width=\"300\" height=\"300\" src=\"https:\/\/www.sport28.fr\/wp-content\/uploads\/2024\/10\/unnamed-300x300.png\" class=\"attachment-medium size-medium wp-image-2969\" alt=\"\" srcset=\"https:\/\/www.sport28.fr\/wp-content\/uploads\/2024\/10\/unnamed-300x300.png 300w, https:\/\/www.sport28.fr\/wp-content\/uploads\/2024\/10\/unnamed-150x150.png 150w, https:\/\/www.sport28.fr\/wp-content\/uploads\/2024\/10\/unnamed.png 512w\" sizes=\"(max-width: 300px) 100vw, 300px\" \/>\t\t\t\t\t\t\t\t\t\t\t\t\t\t\t<\/div>\n\t\t\t\t<\/div>\n\t\t\t\t<\/div>\n\t\t<div class=\"elementor-element elementor-element-d7accf2 e-con-full e-flex e-con e-child\" data-id=\"d7accf2\" data-element_type=\"container\" data-e-type=\"container\">\n\t\t\t\t<div class=\"elementor-element elementor-element-ac83f91 elementor-widget__width-initial elementor-widget elementor-widget-image\" data-id=\"ac83f91\" data-element_type=\"widget\" data-e-type=\"widget\" data-widget_type=\"image.default\">\n\t\t\t\t<div class=\"elementor-widget-container\">\n\t\t\t\t\t\t\t\t\t\t\t\t\t\t\t<img decoding=\"async\" width=\"341\" height=\"338\" src=\"https:\/\/www.sport28.fr\/wp-content\/uploads\/2024\/10\/alloenfrance.png\" class=\"attachment-1536x1536 size-1536x1536 wp-image-2972\" alt=\"\" srcset=\"https:\/\/www.sport28.fr\/wp-content\/uploads\/2024\/10\/alloenfrance.png 341w, https:\/\/www.sport28.fr\/wp-content\/uploads\/2024\/10\/alloenfrance-300x297.png 300w, https:\/\/www.sport28.fr\/wp-content\/uploads\/2024\/10\/elementor\/thumbs\/alloenfrance-qv0k7i2h6qquypil2s0phnwwblxw5mdzjw6a3c7dcs.png 150w\" sizes=\"(max-width: 341px) 100vw, 341px\" \/>\t\t\t\t\t\t\t\t\t\t\t\t\t\t\t<\/div>\n\t\t\t\t<\/div>\n\t\t\t\t<\/div>\n\t\t<div class=\"elementor-element elementor-element-86c833a e-con-full e-flex e-con e-child\" data-id=\"86c833a\" data-element_type=\"container\" data-e-type=\"container\">\n\t\t\t\t<div class=\"elementor-element elementor-element-aef5bde elementor-widget elementor-widget-image\" data-id=\"aef5bde\" data-element_type=\"widget\" data-e-type=\"widget\" data-widget_type=\"image.default\">\n\t\t\t\t<div class=\"elementor-widget-container\">\n\t\t\t\t\t\t\t\t\t\t\t\t\t\t\t<img loading=\"lazy\" decoding=\"async\" width=\"411\" height=\"405\" src=\"https:\/\/www.sport28.fr\/wp-content\/uploads\/2024\/10\/LOGO-BULLE-3018.jpg\" class=\"attachment-large size-large wp-image-2973\" alt=\"\" srcset=\"https:\/\/www.sport28.fr\/wp-content\/uploads\/2024\/10\/LOGO-BULLE-3018.jpg 411w, https:\/\/www.sport28.fr\/wp-content\/uploads\/2024\/10\/LOGO-BULLE-3018-300x296.jpg 300w\" sizes=\"(max-width: 411px) 100vw, 411px\" \/>\t\t\t\t\t\t\t\t\t\t\t\t\t\t\t<\/div>\n\t\t\t\t<\/div>\n\t\t\t\t<\/div>\n\t\t\t\t\t<\/div>\n\t\t\t\t<\/div>\n\t\t<div class=\"elementor-element elementor-element-f276fc3 e-flex e-con-boxed e-con e-parent\" data-id=\"f276fc3\" data-element_type=\"container\" data-e-type=\"container\">\n\t\t\t\t\t<div class=\"e-con-inner\">\n\t\t<div class=\"elementor-element elementor-element-d502469 e-con-full e-flex e-con e-child\" data-id=\"d502469\" data-element_type=\"container\" data-e-type=\"container\">\n\t\t\t\t<div class=\"elementor-element elementor-element-cd98773 elementor-widget elementor-widget-text-editor\" data-id=\"cd98773\" data-element_type=\"widget\" data-e-type=\"widget\" data-widget_type=\"text-editor.default\">\n\t\t\t\t<div class=\"elementor-widget-container\">\n\t\t\t\t\t\t\t\t\t<p><strong>En cas d&rsquo;urgence\u00a0<\/strong><\/p>\t\t\t\t\t\t\t\t<\/div>\n\t\t\t\t<\/div>\n\t\t\t\t<\/div>\n\t\t<div class=\"elementor-element elementor-element-689e649 e-con-full e-flex e-con e-child\" data-id=\"689e649\" data-element_type=\"container\" data-e-type=\"container\">\n\t\t\t\t<div class=\"elementor-element elementor-element-e855b5a elementor-widget elementor-widget-text-editor\" data-id=\"e855b5a\" data-element_type=\"widget\" data-e-type=\"widget\" data-widget_type=\"text-editor.default\">\n\t\t\t\t<div class=\"elementor-widget-container\">\n\t\t\t\t\t\t\t\t\t<p><strong>En cas d&rsquo;urgence\u00a0<\/strong><\/p>\t\t\t\t\t\t\t\t<\/div>\n\t\t\t\t<\/div>\n\t\t\t\t<\/div>\n\t\t<div class=\"elementor-element elementor-element-08a59d6 e-con-full e-flex e-con e-child\" data-id=\"08a59d6\" data-element_type=\"container\" data-e-type=\"container\">\n\t\t\t\t<div class=\"elementor-element elementor-element-b8041cf elementor-widget elementor-widget-text-editor\" data-id=\"b8041cf\" data-element_type=\"widget\" data-e-type=\"widget\" data-widget_type=\"text-editor.default\">\n\t\t\t\t<div class=\"elementor-widget-container\">\n\t\t\t\t\t\t\t\t\t<p><strong>Pour signaler des situations d&rsquo;enfance en danger\u00a0<\/strong><\/p>\t\t\t\t\t\t\t\t<\/div>\n\t\t\t\t<\/div>\n\t\t\t\t<\/div>\n\t\t<div class=\"elementor-element elementor-element-0b7c2cd e-con-full e-flex e-con e-child\" data-id=\"0b7c2cd\" data-element_type=\"container\" data-e-type=\"container\">\n\t\t\t\t<div class=\"elementor-element elementor-element-049cd47 elementor-widget elementor-widget-text-editor\" data-id=\"049cd47\" data-element_type=\"widget\" data-e-type=\"widget\" data-widget_type=\"text-editor.default\">\n\t\t\t\t<div class=\"elementor-widget-container\">\n\t\t\t\t\t\t\t\t\t<p><strong>Pour le cyberviolences et le harc\u00e8lement en ligne\u00a0<\/strong><\/p>\t\t\t\t\t\t\t\t<\/div>\n\t\t\t\t<\/div>\n\t\t\t\t<\/div>\n\t\t\t\t\t<\/div>\n\t\t\t\t<\/div>\n\t\t<div class=\"elementor-element elementor-element-42f59f6 e-flex e-con-boxed elementor-invisible e-con e-parent\" data-id=\"42f59f6\" data-element_type=\"container\" data-e-type=\"container\" data-settings=\"{&quot;animation&quot;:&quot;bounceInLeft&quot;}\">\n\t\t\t\t\t<div class=\"e-con-inner\">\n\t\t<div class=\"elementor-element elementor-element-89d70a6 e-con-full e-flex e-con e-child\" data-id=\"89d70a6\" data-element_type=\"container\" data-e-type=\"container\">\n\t\t\t\t<div class=\"elementor-element elementor-element-757c855 elementor-widget elementor-widget-image\" data-id=\"757c855\" data-element_type=\"widget\" data-e-type=\"widget\" data-widget_type=\"image.default\">\n\t\t\t\t<div class=\"elementor-widget-container\">\n\t\t\t\t\t\t\t\t\t\t\t\t\t\t\t<img loading=\"lazy\" decoding=\"async\" width=\"678\" height=\"454\" src=\"https:\/\/www.sport28.fr\/wp-content\/uploads\/2024\/10\/Une_numero-national-prevention-suicide.jpg\" class=\"attachment-large size-large wp-image-2974\" alt=\"\" srcset=\"https:\/\/www.sport28.fr\/wp-content\/uploads\/2024\/10\/Une_numero-national-prevention-suicide.jpg 678w, https:\/\/www.sport28.fr\/wp-content\/uploads\/2024\/10\/Une_numero-national-prevention-suicide-300x201.jpg 300w, https:\/\/www.sport28.fr\/wp-content\/uploads\/2024\/10\/Une_numero-national-prevention-suicide-360x240.jpg 360w\" sizes=\"(max-width: 678px) 100vw, 678px\" \/>\t\t\t\t\t\t\t\t\t\t\t\t\t\t\t<\/div>\n\t\t\t\t<\/div>\n\t\t\t\t<\/div>\n\t\t<div class=\"elementor-element elementor-element-d09bfe3 e-con-full e-flex e-con e-child\" data-id=\"d09bfe3\" data-element_type=\"container\" data-e-type=\"container\">\n\t\t\t\t<div class=\"elementor-element elementor-element-de6e48b elementor-widget elementor-widget-image\" data-id=\"de6e48b\" data-element_type=\"widget\" data-e-type=\"widget\" data-widget_type=\"image.default\">\n\t\t\t\t<div class=\"elementor-widget-container\">\n\t\t\t\t\t\t\t\t\t\t\t\t\t\t\t<img loading=\"lazy\" decoding=\"async\" width=\"780\" height=\"534\" src=\"https:\/\/www.sport28.fr\/wp-content\/uploads\/2024\/10\/ob_bf1752_harcelement-a-lecole-3020.jpg\" class=\"attachment-large size-large wp-image-2975\" alt=\"\" srcset=\"https:\/\/www.sport28.fr\/wp-content\/uploads\/2024\/10\/ob_bf1752_harcelement-a-lecole-3020.jpg 780w, https:\/\/www.sport28.fr\/wp-content\/uploads\/2024\/10\/ob_bf1752_harcelement-a-lecole-3020-300x205.jpg 300w, https:\/\/www.sport28.fr\/wp-content\/uploads\/2024\/10\/ob_bf1752_harcelement-a-lecole-3020-768x526.jpg 768w\" sizes=\"(max-width: 780px) 100vw, 780px\" \/>\t\t\t\t\t\t\t\t\t\t\t\t\t\t\t<\/div>\n\t\t\t\t<\/div>\n\t\t\t\t<\/div>\n\t\t<div class=\"elementor-element elementor-element-38ef74c e-con-full e-flex e-con e-child\" data-id=\"38ef74c\" data-element_type=\"container\" data-e-type=\"container\">\n\t\t\t\t<div class=\"elementor-element elementor-element-9400f4a elementor-widget elementor-widget-image\" data-id=\"9400f4a\" data-element_type=\"widget\" data-e-type=\"widget\" data-widget_type=\"image.default\">\n\t\t\t\t<div class=\"elementor-widget-container\">\n\t\t\t\t\t\t\t\t\t\t\t\t\t\t\t<img loading=\"lazy\" decoding=\"async\" width=\"800\" height=\"450\" src=\"https:\/\/www.sport28.fr\/wp-content\/uploads\/2024\/10\/3919-arretons-les-violences.jpg\" class=\"attachment-large size-large wp-image-2976\" alt=\"\" srcset=\"https:\/\/www.sport28.fr\/wp-content\/uploads\/2024\/10\/3919-arretons-les-violences.jpg 800w, https:\/\/www.sport28.fr\/wp-content\/uploads\/2024\/10\/3919-arretons-les-violences-300x169.jpg 300w, https:\/\/www.sport28.fr\/wp-content\/uploads\/2024\/10\/3919-arretons-les-violences-768x432.jpg 768w\" sizes=\"(max-width: 800px) 100vw, 800px\" \/>\t\t\t\t\t\t\t\t\t\t\t\t\t\t\t<\/div>\n\t\t\t\t<\/div>\n\t\t\t\t<\/div>\n\t\t\t\t\t<\/div>\n\t\t\t\t<\/div>\n\t\t<div class=\"elementor-element elementor-element-b07442c e-flex e-con-boxed e-con e-parent\" data-id=\"b07442c\" data-element_type=\"container\" data-e-type=\"container\">\n\t\t\t\t\t<div class=\"e-con-inner\">\n\t\t<div class=\"elementor-element elementor-element-52d2337 e-con-full e-flex e-con e-child\" data-id=\"52d2337\" data-element_type=\"container\" data-e-type=\"container\">\n\t\t\t\t<div class=\"elementor-element elementor-element-35dda86 elementor-widget elementor-widget-text-editor\" data-id=\"35dda86\" data-element_type=\"widget\" data-e-type=\"widget\" data-widget_type=\"text-editor.default\">\n\t\t\t\t<div class=\"elementor-widget-container\">\n\t\t\t\t\t\t\t\t\t<p><strong>Pour la pr\u00e9vention du suicide\u00a0<\/strong><\/p>\t\t\t\t\t\t\t\t<\/div>\n\t\t\t\t<\/div>\n\t\t\t\t<\/div>\n\t\t<div class=\"elementor-element elementor-element-32f957a e-con-full e-flex e-con e-child\" data-id=\"32f957a\" data-element_type=\"container\" data-e-type=\"container\">\n\t\t\t\t<div class=\"elementor-element elementor-element-4eec480 elementor-widget elementor-widget-text-editor\" data-id=\"4eec480\" data-element_type=\"widget\" data-e-type=\"widget\" data-widget_type=\"text-editor.default\">\n\t\t\t\t<div class=\"elementor-widget-container\">\n\t\t\t\t\t\t\t\t\t<p><strong>pour le harc\u00e8lement\u00a0<\/strong><\/p>\t\t\t\t\t\t\t\t<\/div>\n\t\t\t\t<\/div>\n\t\t\t\t<\/div>\n\t\t<div class=\"elementor-element elementor-element-72fb0e2 e-con-full e-flex e-con e-child\" data-id=\"72fb0e2\" data-element_type=\"container\" data-e-type=\"container\">\n\t\t\t\t<div class=\"elementor-element elementor-element-466e359 elementor-widget elementor-widget-text-editor\" data-id=\"466e359\" data-element_type=\"widget\" data-e-type=\"widget\" data-widget_type=\"text-editor.default\">\n\t\t\t\t<div class=\"elementor-widget-container\">\n\t\t\t\t\t\t\t\t\t<p><strong>Pour les femmes victimes de violence<\/strong><\/p>\t\t\t\t\t\t\t\t<\/div>\n\t\t\t\t<\/div>\n\t\t\t\t<\/div>\n\t\t\t\t\t<\/div>\n\t\t\t\t<\/div>\n\t\t<div class=\"elementor-element elementor-element-4e7c136 e-flex e-con-boxed e-con e-parent\" data-id=\"4e7c136\" data-element_type=\"container\" data-e-type=\"container\">\n\t\t\t\t\t<div class=\"e-con-inner\">\n\t\t\t\t<div class=\"elementor-element elementor-element-8eb3d6d elementor-widget elementor-widget-text-editor\" data-id=\"8eb3d6d\" data-element_type=\"widget\" data-e-type=\"widget\" data-widget_type=\"text-editor.default\">\n\t\t\t\t<div class=\"elementor-widget-container\">\n\t\t\t\t\t\t\t\t\t<p><span>Quelle que soit ma situation et mon \u00e2ge, je peux aussi\u00a0 \u00e9changer <\/span><strong>anonymement<span>\u00a0<\/span><\/strong><span>24 heures sur 24 et 7 jours sur 7 avec un policier :\u00a0\u00a0<\/span><\/p>\t\t\t\t\t\t\t\t<\/div>\n\t\t\t\t<\/div>\n\t\t\t\t\t<\/div>\n\t\t\t\t<\/div>\n\t\t<div class=\"elementor-element elementor-element-048bd41 e-flex e-con-boxed e-con e-parent\" data-id=\"048bd41\" data-element_type=\"container\" data-e-type=\"container\">\n\t\t\t\t\t<div class=\"e-con-inner\">\n\t\t\t\t<div class=\"elementor-element elementor-element-d4975eb elementor-widget elementor-widget-heading\" data-id=\"d4975eb\" data-element_type=\"widget\" data-e-type=\"widget\" data-widget_type=\"heading.default\">\n\t\t\t\t<div class=\"elementor-widget-container\">\n\t\t\t\t\t<h2 class=\"elementor-heading-title elementor-size-default\"><a href=\"https:\/\/www.masecurite.interieur.gouv.fr\/fr\/echange-tchat-police\">J'\u00e9change sur le tchat<\/a><\/h2>\t\t\t\t<\/div>\n\t\t\t\t<\/div>\n\t\t\t\t\t<\/div>\n\t\t\t\t<\/div>\n\t\t\t\t<\/div>\n\t\t","protected":false},"excerpt":{"rendered":"<p>Les num\u00e9ros d&rsquo;\u00e9coute en fonction de votre situation En cas d&rsquo;urgence\u00a0 En cas d&rsquo;urgence\u00a0 Pour signaler des situations d&rsquo;enfance en danger\u00a0 Pour le cyberviolences et le harc\u00e8lement en ligne\u00a0 Pour [&hellip;]<\/p>\n","protected":false},"author":1,"featured_media":0,"parent":0,"menu_order":0,"comment_status":"closed","ping_status":"closed","template":"page-templates\/template-pagebuilder-full-width.php","meta":{"footnotes":""},"class_list":["post-2964","page","type-page","status-publish","hentry"],"yoast_head":"<!-- This site is optimized with the Yoast SEO plugin v27.5 - https:\/\/yoast.com\/product\/yoast-seo-wordpress\/ -->\n<title>Num\u00e9ros d&#039;\u00e9coute - CDOS 28<\/title>\n<meta name=\"robots\" content=\"index, follow, max-snippet:-1, max-image-preview:large, max-video-preview:-1\" \/>\n<link rel=\"canonical\" href=\"https:\/\/www.sport28.fr\/index.php\/numeros-decoute\/\" \/>\n<meta property=\"og:locale\" content=\"fr_FR\" \/>\n<meta property=\"og:type\" content=\"article\" \/>\n<meta property=\"og:title\" content=\"Num\u00e9ros d&#039;\u00e9coute - CDOS 28\" \/>\n<meta property=\"og:description\" content=\"Les num\u00e9ros d&rsquo;\u00e9coute en fonction de votre situation En cas d&rsquo;urgence\u00a0 En cas d&rsquo;urgence\u00a0 Pour signaler des situations d&rsquo;enfance en danger\u00a0 Pour le cyberviolences et le harc\u00e8lement en ligne\u00a0 Pour [&hellip;]\" \/>\n<meta property=\"og:url\" content=\"https:\/\/www.sport28.fr\/index.php\/numeros-decoute\/\" \/>\n<meta property=\"og:site_name\" content=\"CDOS 28\" \/>\n<meta property=\"article:publisher\" content=\"https:\/\/www.facebook.com\/CDOS28?locale=fr_FR\" \/>\n<meta property=\"article:modified_time\" content=\"2024-12-05T10:32:38+00:00\" \/>\n<meta property=\"og:image\" content=\"https:\/\/www.sport28.fr\/wp-content\/uploads\/2024\/10\/17-police.jpg\" \/>\n\t<meta property=\"og:image:width\" content=\"359\" \/>\n\t<meta property=\"og:image:height\" content=\"347\" \/>\n\t<meta property=\"og:image:type\" content=\"image\/jpeg\" \/>\n<meta name=\"twitter:card\" content=\"summary_large_image\" \/>\n<meta name=\"twitter:label1\" content=\"Dur\u00e9e de lecture estim\u00e9e\" \/>\n\t<meta name=\"twitter:data1\" content=\"2 minutes\" \/>\n<script type=\"application\/ld+json\" class=\"yoast-schema-graph\">{\"@context\":\"https:\\\/\\\/schema.org\",\"@graph\":[{\"@type\":\"WebPage\",\"@id\":\"https:\\\/\\\/www.sport28.fr\\\/index.php\\\/numeros-decoute\\\/\",\"url\":\"https:\\\/\\\/www.sport28.fr\\\/index.php\\\/numeros-decoute\\\/\",\"name\":\"Num\u00e9ros d'\u00e9coute - CDOS 28\",\"isPartOf\":{\"@id\":\"https:\\\/\\\/www.sport28.fr\\\/#website\"},\"primaryImageOfPage\":{\"@id\":\"https:\\\/\\\/www.sport28.fr\\\/index.php\\\/numeros-decoute\\\/#primaryimage\"},\"image\":{\"@id\":\"https:\\\/\\\/www.sport28.fr\\\/index.php\\\/numeros-decoute\\\/#primaryimage\"},\"thumbnailUrl\":\"https:\\\/\\\/www.sport28.fr\\\/wp-content\\\/uploads\\\/2024\\\/10\\\/17-police.jpg\",\"datePublished\":\"2024-10-03T12:31:44+00:00\",\"dateModified\":\"2024-12-05T10:32:38+00:00\",\"breadcrumb\":{\"@id\":\"https:\\\/\\\/www.sport28.fr\\\/index.php\\\/numeros-decoute\\\/#breadcrumb\"},\"inLanguage\":\"fr-FR\",\"potentialAction\":[{\"@type\":\"ReadAction\",\"target\":[\"https:\\\/\\\/www.sport28.fr\\\/index.php\\\/numeros-decoute\\\/\"]}]},{\"@type\":\"ImageObject\",\"inLanguage\":\"fr-FR\",\"@id\":\"https:\\\/\\\/www.sport28.fr\\\/index.php\\\/numeros-decoute\\\/#primaryimage\",\"url\":\"https:\\\/\\\/www.sport28.fr\\\/wp-content\\\/uploads\\\/2024\\\/10\\\/17-police.jpg\",\"contentUrl\":\"https:\\\/\\\/www.sport28.fr\\\/wp-content\\\/uploads\\\/2024\\\/10\\\/17-police.jpg\",\"width\":359,\"height\":347},{\"@type\":\"BreadcrumbList\",\"@id\":\"https:\\\/\\\/www.sport28.fr\\\/index.php\\\/numeros-decoute\\\/#breadcrumb\",\"itemListElement\":[{\"@type\":\"ListItem\",\"position\":1,\"name\":\"Accueil\",\"item\":\"https:\\\/\\\/www.sport28.fr\\\/\"},{\"@type\":\"ListItem\",\"position\":2,\"name\":\"Num\u00e9ros d&rsquo;\u00e9coute\"}]},{\"@type\":\"WebSite\",\"@id\":\"https:\\\/\\\/www.sport28.fr\\\/#website\",\"url\":\"https:\\\/\\\/www.sport28.fr\\\/\",\"name\":\"CDOS 28\",\"description\":\"Comit\u00e9 D\u00e9partementale Olympique et Sportif d&#039;Eure et Loir\",\"publisher\":{\"@id\":\"https:\\\/\\\/www.sport28.fr\\\/#organization\"},\"potentialAction\":[{\"@type\":\"SearchAction\",\"target\":{\"@type\":\"EntryPoint\",\"urlTemplate\":\"https:\\\/\\\/www.sport28.fr\\\/?s={search_term_string}\"},\"query-input\":{\"@type\":\"PropertyValueSpecification\",\"valueRequired\":true,\"valueName\":\"search_term_string\"}}],\"inLanguage\":\"fr-FR\"},{\"@type\":\"Organization\",\"@id\":\"https:\\\/\\\/www.sport28.fr\\\/#organization\",\"name\":\"Comit\u00e9 d\u00e9partemental olympique et sportif d'eure-et-loir\",\"alternateName\":\"cdos 28\",\"url\":\"https:\\\/\\\/www.sport28.fr\\\/\",\"logo\":{\"@type\":\"ImageObject\",\"inLanguage\":\"fr-FR\",\"@id\":\"https:\\\/\\\/www.sport28.fr\\\/#\\\/schema\\\/logo\\\/image\\\/\",\"url\":\"https:\\\/\\\/www.sport28.fr\\\/wp-content\\\/uploads\\\/2023\\\/10\\\/cdos_eure_et_loir_logo.jpg\",\"contentUrl\":\"https:\\\/\\\/www.sport28.fr\\\/wp-content\\\/uploads\\\/2023\\\/10\\\/cdos_eure_et_loir_logo.jpg\",\"width\":1000,\"height\":1000,\"caption\":\"Comit\u00e9 d\u00e9partemental olympique et sportif d'eure-et-loir\"},\"image\":{\"@id\":\"https:\\\/\\\/www.sport28.fr\\\/#\\\/schema\\\/logo\\\/image\\\/\"},\"sameAs\":[\"https:\\\/\\\/www.facebook.com\\\/CDOS28?locale=fr_FR\"]}]}<\/script>\n<!-- \/ Yoast SEO plugin. -->","yoast_head_json":{"title":"Num\u00e9ros d'\u00e9coute - CDOS 28","robots":{"index":"index","follow":"follow","max-snippet":"max-snippet:-1","max-image-preview":"max-image-preview:large","max-video-preview":"max-video-preview:-1"},"canonical":"https:\/\/www.sport28.fr\/index.php\/numeros-decoute\/","og_locale":"fr_FR","og_type":"article","og_title":"Num\u00e9ros d'\u00e9coute - CDOS 28","og_description":"Les num\u00e9ros d&rsquo;\u00e9coute en fonction de votre situation En cas d&rsquo;urgence\u00a0 En cas d&rsquo;urgence\u00a0 Pour signaler des situations d&rsquo;enfance en danger\u00a0 Pour le cyberviolences et le harc\u00e8lement en ligne\u00a0 Pour [&hellip;]","og_url":"https:\/\/www.sport28.fr\/index.php\/numeros-decoute\/","og_site_name":"CDOS 28","article_publisher":"https:\/\/www.facebook.com\/CDOS28?locale=fr_FR","article_modified_time":"2024-12-05T10:32:38+00:00","og_image":[{"width":359,"height":347,"url":"https:\/\/www.sport28.fr\/wp-content\/uploads\/2024\/10\/17-police.jpg","type":"image\/jpeg"}],"twitter_card":"summary_large_image","twitter_misc":{"Dur\u00e9e de lecture estim\u00e9e":"2 minutes"},"schema":{"@context":"https:\/\/schema.org","@graph":[{"@type":"WebPage","@id":"https:\/\/www.sport28.fr\/index.php\/numeros-decoute\/","url":"https:\/\/www.sport28.fr\/index.php\/numeros-decoute\/","name":"Num\u00e9ros d'\u00e9coute - CDOS 28","isPartOf":{"@id":"https:\/\/www.sport28.fr\/#website"},"primaryImageOfPage":{"@id":"https:\/\/www.sport28.fr\/index.php\/numeros-decoute\/#primaryimage"},"image":{"@id":"https:\/\/www.sport28.fr\/index.php\/numeros-decoute\/#primaryimage"},"thumbnailUrl":"https:\/\/www.sport28.fr\/wp-content\/uploads\/2024\/10\/17-police.jpg","datePublished":"2024-10-03T12:31:44+00:00","dateModified":"2024-12-05T10:32:38+00:00","breadcrumb":{"@id":"https:\/\/www.sport28.fr\/index.php\/numeros-decoute\/#breadcrumb"},"inLanguage":"fr-FR","potentialAction":[{"@type":"ReadAction","target":["https:\/\/www.sport28.fr\/index.php\/numeros-decoute\/"]}]},{"@type":"ImageObject","inLanguage":"fr-FR","@id":"https:\/\/www.sport28.fr\/index.php\/numeros-decoute\/#primaryimage","url":"https:\/\/www.sport28.fr\/wp-content\/uploads\/2024\/10\/17-police.jpg","contentUrl":"https:\/\/www.sport28.fr\/wp-content\/uploads\/2024\/10\/17-police.jpg","width":359,"height":347},{"@type":"BreadcrumbList","@id":"https:\/\/www.sport28.fr\/index.php\/numeros-decoute\/#breadcrumb","itemListElement":[{"@type":"ListItem","position":1,"name":"Accueil","item":"https:\/\/www.sport28.fr\/"},{"@type":"ListItem","position":2,"name":"Num\u00e9ros d&rsquo;\u00e9coute"}]},{"@type":"WebSite","@id":"https:\/\/www.sport28.fr\/#website","url":"https:\/\/www.sport28.fr\/","name":"CDOS 28","description":"Comit\u00e9 D\u00e9partementale Olympique et Sportif d&#039;Eure et Loir","publisher":{"@id":"https:\/\/www.sport28.fr\/#organization"},"potentialAction":[{"@type":"SearchAction","target":{"@type":"EntryPoint","urlTemplate":"https:\/\/www.sport28.fr\/?s={search_term_string}"},"query-input":{"@type":"PropertyValueSpecification","valueRequired":true,"valueName":"search_term_string"}}],"inLanguage":"fr-FR"},{"@type":"Organization","@id":"https:\/\/www.sport28.fr\/#organization","name":"Comit\u00e9 d\u00e9partemental olympique et sportif d'eure-et-loir","alternateName":"cdos 28","url":"https:\/\/www.sport28.fr\/","logo":{"@type":"ImageObject","inLanguage":"fr-FR","@id":"https:\/\/www.sport28.fr\/#\/schema\/logo\/image\/","url":"https:\/\/www.sport28.fr\/wp-content\/uploads\/2023\/10\/cdos_eure_et_loir_logo.jpg","contentUrl":"https:\/\/www.sport28.fr\/wp-content\/uploads\/2023\/10\/cdos_eure_et_loir_logo.jpg","width":1000,"height":1000,"caption":"Comit\u00e9 d\u00e9partemental olympique et sportif d'eure-et-loir"},"image":{"@id":"https:\/\/www.sport28.fr\/#\/schema\/logo\/image\/"},"sameAs":["https:\/\/www.facebook.com\/CDOS28?locale=fr_FR"]}]}},"_links":{"self":[{"href":"https:\/\/www.sport28.fr\/index.php\/wp-json\/wp\/v2\/pages\/2964","targetHints":{"allow":["GET"]}}],"collection":[{"href":"https:\/\/www.sport28.fr\/index.php\/wp-json\/wp\/v2\/pages"}],"about":[{"href":"https:\/\/www.sport28.fr\/index.php\/wp-json\/wp\/v2\/types\/page"}],"author":[{"embeddable":true,"href":"https:\/\/www.sport28.fr\/index.php\/wp-json\/wp\/v2\/users\/1"}],"replies":[{"embeddable":true,"href":"https:\/\/www.sport28.fr\/index.php\/wp-json\/wp\/v2\/comments?post=2964"}],"version-history":[{"count":10,"href":"https:\/\/www.sport28.fr\/index.php\/wp-json\/wp\/v2\/pages\/2964\/revisions"}],"predecessor-version":[{"id":3119,"href":"https:\/\/www.sport28.fr\/index.php\/wp-json\/wp\/v2\/pages\/2964\/revisions\/3119"}],"wp:attachment":[{"href":"https:\/\/www.sport28.fr\/index.php\/wp-json\/wp\/v2\/media?parent=2964"}],"curies":[{"name":"wp","href":"https:\/\/api.w.org\/{rel}","templated":true}]}}