{"id":2929,"date":"2024-10-03T13:38:09","date_gmt":"2024-10-03T11:38:09","guid":{"rendered":"https:\/\/www.sport28.fr\/?page_id=2929"},"modified":"2024-10-29T12:13:31","modified_gmt":"2024-10-29T11:13:31","slug":"sport-sans-violence-2","status":"publish","type":"page","link":"https:\/\/www.sport28.fr\/index.php\/sport-sans-violence-2\/","title":{"rendered":"Sport sans violence"},"content":{"rendered":"\t\t<div data-elementor-type=\"wp-page\" data-elementor-id=\"2929\" class=\"elementor elementor-2929\" data-elementor-post-type=\"page\">\n\t\t\t\t<div class=\"elementor-element elementor-element-537b64f e-flex e-con-boxed e-con e-parent\" data-id=\"537b64f\" data-element_type=\"container\" data-e-type=\"container\">\n\t\t\t\t\t<div class=\"e-con-inner\">\n\t\t\t\t<div class=\"elementor-element elementor-element-86468cf elementor-widget elementor-widget-heading\" data-id=\"86468cf\" data-element_type=\"widget\" data-e-type=\"widget\" data-widget_type=\"heading.default\">\n\t\t\t\t<div class=\"elementor-widget-container\">\n\t\t\t\t\t<h2 class=\"elementor-heading-title elementor-size-default\">Qu'est ce que STOP VIOLENCE ? <\/h2>\t\t\t\t<\/div>\n\t\t\t\t<\/div>\n\t\t\t\t\t<\/div>\n\t\t\t\t<\/div>\n\t\t<div class=\"elementor-element elementor-element-bf57a0a e-flex e-con-boxed e-con e-parent\" data-id=\"bf57a0a\" data-element_type=\"container\" data-e-type=\"container\">\n\t\t\t\t\t<div class=\"e-con-inner\">\n\t\t<div class=\"elementor-element elementor-element-72198e0 e-con-full e-flex e-con e-child\" data-id=\"72198e0\" data-element_type=\"container\" data-e-type=\"container\">\n\t\t\t\t<div class=\"elementor-element elementor-element-bf6264d elementor-widget elementor-widget-image\" data-id=\"bf6264d\" data-element_type=\"widget\" data-e-type=\"widget\" data-widget_type=\"image.default\">\n\t\t\t\t<div class=\"elementor-widget-container\">\n\t\t\t\t\t\t\t\t\t\t\t\t\t\t\t<img fetchpriority=\"high\" decoding=\"async\" width=\"800\" height=\"534\" src=\"https:\/\/www.sport28.fr\/wp-content\/uploads\/2024\/10\/pexels-pavel-danilyuk-6203641-1024x684.jpg\" class=\"attachment-large size-large wp-image-2932\" alt=\"\" srcset=\"https:\/\/www.sport28.fr\/wp-content\/uploads\/2024\/10\/pexels-pavel-danilyuk-6203641-1024x684.jpg 1024w, https:\/\/www.sport28.fr\/wp-content\/uploads\/2024\/10\/pexels-pavel-danilyuk-6203641-300x200.jpg 300w, https:\/\/www.sport28.fr\/wp-content\/uploads\/2024\/10\/pexels-pavel-danilyuk-6203641-768x513.jpg 768w, https:\/\/www.sport28.fr\/wp-content\/uploads\/2024\/10\/pexels-pavel-danilyuk-6203641-1536x1025.jpg 1536w, https:\/\/www.sport28.fr\/wp-content\/uploads\/2024\/10\/pexels-pavel-danilyuk-6203641-2048x1367.jpg 2048w, https:\/\/www.sport28.fr\/wp-content\/uploads\/2024\/10\/pexels-pavel-danilyuk-6203641-360x240.jpg 360w, https:\/\/www.sport28.fr\/wp-content\/uploads\/2024\/10\/pexels-pavel-danilyuk-6203641-1320x881.jpg 1320w\" sizes=\"(max-width: 800px) 100vw, 800px\" \/>\t\t\t\t\t\t\t\t\t\t\t\t\t\t\t<\/div>\n\t\t\t\t<\/div>\n\t\t\t\t<\/div>\n\t\t<div class=\"elementor-element elementor-element-9dfeb6a e-con-full e-flex e-con e-child\" data-id=\"9dfeb6a\" data-element_type=\"container\" data-e-type=\"container\">\n\t\t\t\t<div class=\"elementor-element elementor-element-39a75b9 elementor-widget elementor-widget-text-editor\" data-id=\"39a75b9\" data-element_type=\"widget\" data-e-type=\"widget\" data-widget_type=\"text-editor.default\">\n\t\t\t\t<div class=\"elementor-widget-container\">\n\t\t\t\t\t\t\t\t\t<p><strong>STOP VIOLENCE\u00a0<\/strong> est un dispositif\u00a0 mis en place par le CDOS28.<\/p><p>Ce dispositif se pr\u00e9sente sous la forme d&rsquo;un QR code diffus\u00e9 dans les espaces sportifs (accueils d&rsquo;\u00e9quipements, gymnases, locaux publics, etc.), appos\u00e9 sur des affiches ou des flyers. Ce code m\u00e8ne \u00e0 une page internet fournissant des ressources essentielles pour pr\u00e9venir et lutter contre toutes formes de violences dans le sport. L&rsquo;objectif de <strong>STOP VIOLENCE<\/strong> est de proposer une solution compl\u00e8te et accessible, \u00e0 port\u00e9e de main, pour les sportifs et sportives, afin de se faire aider ou d&rsquo;aider :<\/p><ul><li><strong>Signalements<\/strong> (Cellule d&rsquo;alerte, Proc\u00e9dures de signalement)<\/li><li><strong>Num\u00e9ros d&rsquo;\u00e9coute<\/strong> (Violences faites aux femmes, discriminations, services de police, harc\u00e8lement, etc.)<\/li><li><strong>Documents utiles<\/strong> (Guides, fiches p\u00e9dagogiques, ressources suppl\u00e9mentaires)<\/li><\/ul>\t\t\t\t\t\t\t\t<\/div>\n\t\t\t\t<\/div>\n\t\t\t\t<\/div>\n\t\t\t\t\t<\/div>\n\t\t\t\t<\/div>\n\t\t<div class=\"elementor-element elementor-element-7679142 e-flex e-con-boxed elementor-invisible e-con e-parent\" data-id=\"7679142\" data-element_type=\"container\" data-e-type=\"container\" data-settings=\"{&quot;animation&quot;:&quot;flash&quot;}\">\n\t\t\t\t\t<div class=\"e-con-inner\">\n\t\t<div class=\"elementor-element elementor-element-75e42be e-con-full e-flex e-con e-child\" data-id=\"75e42be\" data-element_type=\"container\" data-e-type=\"container\">\n\t\t\t\t<div class=\"elementor-element elementor-element-13cd7b6 elementor-widget elementor-widget-text-editor\" data-id=\"13cd7b6\" data-element_type=\"widget\" data-e-type=\"widget\" data-widget_type=\"text-editor.default\">\n\t\t\t\t<div class=\"elementor-widget-container\">\n\t\t\t\t\t\t\t\t\t<p><span style=\"text-decoration: underline;\"><a href=\"https:\/\/www.sport28.fr\/index.php\/signaler-une-violence-dans-le-sport\/\" target=\"_blank\" rel=\"noopener\"><strong>Signalements<\/strong><\/a><\/span><\/p>\t\t\t\t\t\t\t\t<\/div>\n\t\t\t\t<\/div>\n\t\t\t\t<\/div>\n\t\t<div class=\"elementor-element elementor-element-0fd8f7c e-con-full e-flex e-con e-child\" data-id=\"0fd8f7c\" data-element_type=\"container\" data-e-type=\"container\">\n\t\t\t\t<div class=\"elementor-element elementor-element-9c7290d elementor-widget elementor-widget-text-editor\" data-id=\"9c7290d\" data-element_type=\"widget\" data-e-type=\"widget\" data-widget_type=\"text-editor.default\">\n\t\t\t\t<div class=\"elementor-widget-container\">\n\t\t\t\t\t\t\t\t\t<p><span style=\"text-decoration: underline;\"><a href=\"https:\/\/www.sport28.fr\/index.php\/numeros-decoute\/\" target=\"_blank\" rel=\"noopener\"><strong>Num\u00e9ros d&rsquo;\u00e9coute<\/strong><\/a><\/span><\/p>\t\t\t\t\t\t\t\t<\/div>\n\t\t\t\t<\/div>\n\t\t\t\t<\/div>\n\t\t<div class=\"elementor-element elementor-element-ff1d730 e-con-full e-flex e-con e-child\" data-id=\"ff1d730\" data-element_type=\"container\" data-e-type=\"container\">\n\t\t\t\t<div class=\"elementor-element elementor-element-1bd54ff elementor-widget elementor-widget-text-editor\" data-id=\"1bd54ff\" data-element_type=\"widget\" data-e-type=\"widget\" data-widget_type=\"text-editor.default\">\n\t\t\t\t<div class=\"elementor-widget-container\">\n\t\t\t\t\t\t\t\t\t<p><span style=\"text-decoration: underline;\"><a href=\"https:\/\/www.sport28.fr\/index.php\/documents-juridiques\/\" target=\"_blank\" rel=\"noopener\"><strong>Documents utiles\u00a0<\/strong><\/a><\/span><\/p>\t\t\t\t\t\t\t\t<\/div>\n\t\t\t\t<\/div>\n\t\t\t\t<\/div>\n\t\t\t\t\t<\/div>\n\t\t\t\t<\/div>\n\t\t\t\t<\/div>\n\t\t","protected":false},"excerpt":{"rendered":"<p>Qu&rsquo;est ce que STOP VIOLENCE ? STOP VIOLENCE\u00a0 est un dispositif\u00a0 mis en place par le CDOS28. Ce dispositif se pr\u00e9sente sous la forme d&rsquo;un QR code diffus\u00e9 dans les [&hellip;]<\/p>\n","protected":false},"author":1,"featured_media":0,"parent":0,"menu_order":0,"comment_status":"closed","ping_status":"closed","template":"page-templates\/template-pagebuilder-full-width.php","meta":{"footnotes":""},"class_list":["post-2929","page","type-page","status-publish","hentry"],"yoast_head":"<!-- This site is optimized with the Yoast SEO plugin v27.5 - https:\/\/yoast.com\/product\/yoast-seo-wordpress\/ -->\n<title>Sport sans violence - CDOS 28<\/title>\n<meta name=\"robots\" content=\"index, follow, max-snippet:-1, max-image-preview:large, max-video-preview:-1\" \/>\n<link rel=\"canonical\" href=\"https:\/\/www.sport28.fr\/index.php\/sport-sans-violence-2\/\" \/>\n<meta property=\"og:locale\" content=\"fr_FR\" \/>\n<meta property=\"og:type\" content=\"article\" \/>\n<meta property=\"og:title\" content=\"Sport sans violence - CDOS 28\" \/>\n<meta property=\"og:description\" content=\"Qu&rsquo;est ce que STOP VIOLENCE ? STOP VIOLENCE\u00a0 est un dispositif\u00a0 mis en place par le CDOS28. Ce dispositif se pr\u00e9sente sous la forme d&rsquo;un QR code diffus\u00e9 dans les [&hellip;]\" \/>\n<meta property=\"og:url\" content=\"https:\/\/www.sport28.fr\/index.php\/sport-sans-violence-2\/\" \/>\n<meta property=\"og:site_name\" content=\"CDOS 28\" \/>\n<meta property=\"article:publisher\" content=\"https:\/\/www.facebook.com\/CDOS28?locale=fr_FR\" \/>\n<meta property=\"article:modified_time\" content=\"2024-10-29T11:13:31+00:00\" \/>\n<meta property=\"og:image\" content=\"https:\/\/www.sport28.fr\/wp-content\/uploads\/2024\/10\/pexels-pavel-danilyuk-6203641-scaled.jpg\" \/>\n\t<meta property=\"og:image:width\" content=\"2560\" \/>\n\t<meta property=\"og:image:height\" content=\"1709\" \/>\n\t<meta property=\"og:image:type\" content=\"image\/jpeg\" \/>\n<meta name=\"twitter:card\" content=\"summary_large_image\" \/>\n<meta name=\"twitter:label1\" content=\"Dur\u00e9e de lecture estim\u00e9e\" \/>\n\t<meta name=\"twitter:data1\" content=\"1 minute\" \/>\n<script type=\"application\/ld+json\" class=\"yoast-schema-graph\">{\"@context\":\"https:\\\/\\\/schema.org\",\"@graph\":[{\"@type\":\"WebPage\",\"@id\":\"https:\\\/\\\/www.sport28.fr\\\/index.php\\\/sport-sans-violence-2\\\/\",\"url\":\"https:\\\/\\\/www.sport28.fr\\\/index.php\\\/sport-sans-violence-2\\\/\",\"name\":\"Sport sans violence - CDOS 28\",\"isPartOf\":{\"@id\":\"https:\\\/\\\/www.sport28.fr\\\/#website\"},\"primaryImageOfPage\":{\"@id\":\"https:\\\/\\\/www.sport28.fr\\\/index.php\\\/sport-sans-violence-2\\\/#primaryimage\"},\"image\":{\"@id\":\"https:\\\/\\\/www.sport28.fr\\\/index.php\\\/sport-sans-violence-2\\\/#primaryimage\"},\"thumbnailUrl\":\"https:\\\/\\\/www.sport28.fr\\\/wp-content\\\/uploads\\\/2024\\\/10\\\/pexels-pavel-danilyuk-6203641-1024x684.jpg\",\"datePublished\":\"2024-10-03T11:38:09+00:00\",\"dateModified\":\"2024-10-29T11:13:31+00:00\",\"breadcrumb\":{\"@id\":\"https:\\\/\\\/www.sport28.fr\\\/index.php\\\/sport-sans-violence-2\\\/#breadcrumb\"},\"inLanguage\":\"fr-FR\",\"potentialAction\":[{\"@type\":\"ReadAction\",\"target\":[\"https:\\\/\\\/www.sport28.fr\\\/index.php\\\/sport-sans-violence-2\\\/\"]}]},{\"@type\":\"ImageObject\",\"inLanguage\":\"fr-FR\",\"@id\":\"https:\\\/\\\/www.sport28.fr\\\/index.php\\\/sport-sans-violence-2\\\/#primaryimage\",\"url\":\"https:\\\/\\\/www.sport28.fr\\\/wp-content\\\/uploads\\\/2024\\\/10\\\/pexels-pavel-danilyuk-6203641-scaled.jpg\",\"contentUrl\":\"https:\\\/\\\/www.sport28.fr\\\/wp-content\\\/uploads\\\/2024\\\/10\\\/pexels-pavel-danilyuk-6203641-scaled.jpg\",\"width\":2560,\"height\":1709},{\"@type\":\"BreadcrumbList\",\"@id\":\"https:\\\/\\\/www.sport28.fr\\\/index.php\\\/sport-sans-violence-2\\\/#breadcrumb\",\"itemListElement\":[{\"@type\":\"ListItem\",\"position\":1,\"name\":\"Accueil\",\"item\":\"https:\\\/\\\/www.sport28.fr\\\/\"},{\"@type\":\"ListItem\",\"position\":2,\"name\":\"Sport sans violence\"}]},{\"@type\":\"WebSite\",\"@id\":\"https:\\\/\\\/www.sport28.fr\\\/#website\",\"url\":\"https:\\\/\\\/www.sport28.fr\\\/\",\"name\":\"CDOS 28\",\"description\":\"Comit\u00e9 D\u00e9partementale Olympique et Sportif d&#039;Eure et Loir\",\"publisher\":{\"@id\":\"https:\\\/\\\/www.sport28.fr\\\/#organization\"},\"potentialAction\":[{\"@type\":\"SearchAction\",\"target\":{\"@type\":\"EntryPoint\",\"urlTemplate\":\"https:\\\/\\\/www.sport28.fr\\\/?s={search_term_string}\"},\"query-input\":{\"@type\":\"PropertyValueSpecification\",\"valueRequired\":true,\"valueName\":\"search_term_string\"}}],\"inLanguage\":\"fr-FR\"},{\"@type\":\"Organization\",\"@id\":\"https:\\\/\\\/www.sport28.fr\\\/#organization\",\"name\":\"Comit\u00e9 d\u00e9partemental olympique et sportif d'eure-et-loir\",\"alternateName\":\"cdos 28\",\"url\":\"https:\\\/\\\/www.sport28.fr\\\/\",\"logo\":{\"@type\":\"ImageObject\",\"inLanguage\":\"fr-FR\",\"@id\":\"https:\\\/\\\/www.sport28.fr\\\/#\\\/schema\\\/logo\\\/image\\\/\",\"url\":\"https:\\\/\\\/www.sport28.fr\\\/wp-content\\\/uploads\\\/2023\\\/10\\\/cdos_eure_et_loir_logo.jpg\",\"contentUrl\":\"https:\\\/\\\/www.sport28.fr\\\/wp-content\\\/uploads\\\/2023\\\/10\\\/cdos_eure_et_loir_logo.jpg\",\"width\":1000,\"height\":1000,\"caption\":\"Comit\u00e9 d\u00e9partemental olympique et sportif d'eure-et-loir\"},\"image\":{\"@id\":\"https:\\\/\\\/www.sport28.fr\\\/#\\\/schema\\\/logo\\\/image\\\/\"},\"sameAs\":[\"https:\\\/\\\/www.facebook.com\\\/CDOS28?locale=fr_FR\"]}]}<\/script>\n<!-- \/ Yoast SEO plugin. -->","yoast_head_json":{"title":"Sport sans violence - CDOS 28","robots":{"index":"index","follow":"follow","max-snippet":"max-snippet:-1","max-image-preview":"max-image-preview:large","max-video-preview":"max-video-preview:-1"},"canonical":"https:\/\/www.sport28.fr\/index.php\/sport-sans-violence-2\/","og_locale":"fr_FR","og_type":"article","og_title":"Sport sans violence - CDOS 28","og_description":"Qu&rsquo;est ce que STOP VIOLENCE ? STOP VIOLENCE\u00a0 est un dispositif\u00a0 mis en place par le CDOS28. Ce dispositif se pr\u00e9sente sous la forme d&rsquo;un QR code diffus\u00e9 dans les [&hellip;]","og_url":"https:\/\/www.sport28.fr\/index.php\/sport-sans-violence-2\/","og_site_name":"CDOS 28","article_publisher":"https:\/\/www.facebook.com\/CDOS28?locale=fr_FR","article_modified_time":"2024-10-29T11:13:31+00:00","og_image":[{"width":2560,"height":1709,"url":"https:\/\/www.sport28.fr\/wp-content\/uploads\/2024\/10\/pexels-pavel-danilyuk-6203641-scaled.jpg","type":"image\/jpeg"}],"twitter_card":"summary_large_image","twitter_misc":{"Dur\u00e9e de lecture estim\u00e9e":"1 minute"},"schema":{"@context":"https:\/\/schema.org","@graph":[{"@type":"WebPage","@id":"https:\/\/www.sport28.fr\/index.php\/sport-sans-violence-2\/","url":"https:\/\/www.sport28.fr\/index.php\/sport-sans-violence-2\/","name":"Sport sans violence - CDOS 28","isPartOf":{"@id":"https:\/\/www.sport28.fr\/#website"},"primaryImageOfPage":{"@id":"https:\/\/www.sport28.fr\/index.php\/sport-sans-violence-2\/#primaryimage"},"image":{"@id":"https:\/\/www.sport28.fr\/index.php\/sport-sans-violence-2\/#primaryimage"},"thumbnailUrl":"https:\/\/www.sport28.fr\/wp-content\/uploads\/2024\/10\/pexels-pavel-danilyuk-6203641-1024x684.jpg","datePublished":"2024-10-03T11:38:09+00:00","dateModified":"2024-10-29T11:13:31+00:00","breadcrumb":{"@id":"https:\/\/www.sport28.fr\/index.php\/sport-sans-violence-2\/#breadcrumb"},"inLanguage":"fr-FR","potentialAction":[{"@type":"ReadAction","target":["https:\/\/www.sport28.fr\/index.php\/sport-sans-violence-2\/"]}]},{"@type":"ImageObject","inLanguage":"fr-FR","@id":"https:\/\/www.sport28.fr\/index.php\/sport-sans-violence-2\/#primaryimage","url":"https:\/\/www.sport28.fr\/wp-content\/uploads\/2024\/10\/pexels-pavel-danilyuk-6203641-scaled.jpg","contentUrl":"https:\/\/www.sport28.fr\/wp-content\/uploads\/2024\/10\/pexels-pavel-danilyuk-6203641-scaled.jpg","width":2560,"height":1709},{"@type":"BreadcrumbList","@id":"https:\/\/www.sport28.fr\/index.php\/sport-sans-violence-2\/#breadcrumb","itemListElement":[{"@type":"ListItem","position":1,"name":"Accueil","item":"https:\/\/www.sport28.fr\/"},{"@type":"ListItem","position":2,"name":"Sport sans violence"}]},{"@type":"WebSite","@id":"https:\/\/www.sport28.fr\/#website","url":"https:\/\/www.sport28.fr\/","name":"CDOS 28","description":"Comit\u00e9 D\u00e9partementale Olympique et Sportif d&#039;Eure et Loir","publisher":{"@id":"https:\/\/www.sport28.fr\/#organization"},"potentialAction":[{"@type":"SearchAction","target":{"@type":"EntryPoint","urlTemplate":"https:\/\/www.sport28.fr\/?s={search_term_string}"},"query-input":{"@type":"PropertyValueSpecification","valueRequired":true,"valueName":"search_term_string"}}],"inLanguage":"fr-FR"},{"@type":"Organization","@id":"https:\/\/www.sport28.fr\/#organization","name":"Comit\u00e9 d\u00e9partemental olympique et sportif d'eure-et-loir","alternateName":"cdos 28","url":"https:\/\/www.sport28.fr\/","logo":{"@type":"ImageObject","inLanguage":"fr-FR","@id":"https:\/\/www.sport28.fr\/#\/schema\/logo\/image\/","url":"https:\/\/www.sport28.fr\/wp-content\/uploads\/2023\/10\/cdos_eure_et_loir_logo.jpg","contentUrl":"https:\/\/www.sport28.fr\/wp-content\/uploads\/2023\/10\/cdos_eure_et_loir_logo.jpg","width":1000,"height":1000,"caption":"Comit\u00e9 d\u00e9partemental olympique et sportif d'eure-et-loir"},"image":{"@id":"https:\/\/www.sport28.fr\/#\/schema\/logo\/image\/"},"sameAs":["https:\/\/www.facebook.com\/CDOS28?locale=fr_FR"]}]}},"_links":{"self":[{"href":"https:\/\/www.sport28.fr\/index.php\/wp-json\/wp\/v2\/pages\/2929","targetHints":{"allow":["GET"]}}],"collection":[{"href":"https:\/\/www.sport28.fr\/index.php\/wp-json\/wp\/v2\/pages"}],"about":[{"href":"https:\/\/www.sport28.fr\/index.php\/wp-json\/wp\/v2\/types\/page"}],"author":[{"embeddable":true,"href":"https:\/\/www.sport28.fr\/index.php\/wp-json\/wp\/v2\/users\/1"}],"replies":[{"embeddable":true,"href":"https:\/\/www.sport28.fr\/index.php\/wp-json\/wp\/v2\/comments?post=2929"}],"version-history":[{"count":34,"href":"https:\/\/www.sport28.fr\/index.php\/wp-json\/wp\/v2\/pages\/2929\/revisions"}],"predecessor-version":[{"id":3047,"href":"https:\/\/www.sport28.fr\/index.php\/wp-json\/wp\/v2\/pages\/2929\/revisions\/3047"}],"wp:attachment":[{"href":"https:\/\/www.sport28.fr\/index.php\/wp-json\/wp\/v2\/media?parent=2929"}],"curies":[{"name":"wp","href":"https:\/\/api.w.org\/{rel}","templated":true}]}}