{"id":1808,"date":"2023-11-16T16:02:32","date_gmt":"2023-11-16T15:02:32","guid":{"rendered":"http:\/\/www.dev.sport28.fr\/?page_id=1808"},"modified":"2023-11-16T16:08:02","modified_gmt":"2023-11-16T15:08:02","slug":"mentions-legales","status":"publish","type":"page","link":"https:\/\/www.sport28.fr\/index.php\/mentions-legales\/","title":{"rendered":"Mentions l\u00e9gales"},"content":{"rendered":"\t\t<div data-elementor-type=\"wp-page\" data-elementor-id=\"1808\" class=\"elementor elementor-1808\" data-elementor-post-type=\"page\">\n\t\t\t\t<div class=\"elementor-element elementor-element-6eb0090 e-flex e-con-boxed e-con e-parent\" data-id=\"6eb0090\" data-element_type=\"container\" data-e-type=\"container\">\n\t\t\t\t\t<div class=\"e-con-inner\">\n\t\t\t\t<div class=\"elementor-element elementor-element-142536c elementor-widget elementor-widget-heading\" data-id=\"142536c\" data-element_type=\"widget\" data-e-type=\"widget\" data-widget_type=\"heading.default\">\n\t\t\t\t<div class=\"elementor-widget-container\">\n\t\t\t\t\t<h2 class=\"elementor-heading-title elementor-size-default\">Mentions l\u00e9gales<\/h2>\t\t\t\t<\/div>\n\t\t\t\t<\/div>\n\t\t\t\t\t<\/div>\n\t\t\t\t<\/div>\n\t\t<div class=\"elementor-element elementor-element-1438499 e-flex e-con-boxed e-con e-parent\" data-id=\"1438499\" data-element_type=\"container\" data-e-type=\"container\">\n\t\t\t\t\t<div class=\"e-con-inner\">\n\t\t\t\t<div class=\"elementor-element elementor-element-ea441cb elementor-widget elementor-widget-text-editor\" data-id=\"ea441cb\" data-element_type=\"widget\" data-e-type=\"widget\" data-widget_type=\"text-editor.default\">\n\t\t\t\t<div class=\"elementor-widget-container\">\n\t\t\t\t\t\t\t\t\t<div class=\"elementor-element elementor-element-5dabe06 elementor-widget elementor-widget-text-editor\" data-id=\"5dabe06\" data-element_type=\"widget\" data-widget_type=\"text-editor.default\"><div class=\"elementor-widget-container\"><p>Les informations personnelles pouvant \u00eatre recueillies sur ce site font l\u2019objet d\u2019une collecte et d\u2019un traitement informatis\u00e9 par le Comit\u00e9 D\u00e9partemental Olympique et Sportif Fran\u00e7ais (ci-apr\u00e8s \u00ab CDOS \u00bb) d&rsquo;Eure-et-Loir, association de droit fran\u00e7ais r\u00e9gie par la Loi du 1er juillet 1901. r\u00e9glementation sur la protection des donn\u00e9es \u00e0 caract\u00e8re personnel, vous b\u00e9n\u00e9ficiez, concernant vos donn\u00e9es personnelles, du droit d\u2019\u00eatre inform\u00e9 de la collecte et du traitement, du droit d\u2019acc\u00e8s, du droit de rectification ou d\u2019effacement, de modification de vos donn\u00e9es en cas d\u2019informations incorrectes, du droit d\u2019opposition, du droit \u00e0 limitation du traitement ainsi que du droit \u00e0 la r\u00e9cup\u00e9ration de vos donn\u00e9es. Ces droits peuvent \u00eatre exerc\u00e9s directement par courrier adress\u00e9 au <span>5 Rue du Petit R\u00e9au, 28300 L\u00e8ves.<\/span><\/p><p>H\u00e9bergement :<br \/>OVH<br \/>2 rue Kellermann<br \/>59100 Roubaix<br \/>France<br \/>www.ovh.com<\/p><p><\/p><\/div><\/div><div class=\"elementor-element elementor-element-72f7428 elementor-widget elementor-widget-heading\" data-id=\"72f7428\" data-element_type=\"widget\" data-widget_type=\"heading.default\"><div class=\"elementor-widget-container\"><h2 class=\"elementor-heading-title elementor-size-default\">Acc\u00e8s au site<\/h2><p><\/p><\/div><\/div><div class=\"elementor-element elementor-element-c51a0b8 elementor-widget elementor-widget-text-editor\" data-id=\"c51a0b8\" data-element_type=\"widget\" data-widget_type=\"text-editor.default\"><div class=\"elementor-widget-container\"><p>L\u2019utilisateur du Site reconna\u00eet disposer de la comp\u00e9tence et des moyens n\u00e9cessaires pour acc\u00e9der et utiliser le Site. Il reconna\u00eet \u00e9galement avoir pris connaissance des pr\u00e9sentes mentions l\u00e9gales et s\u2019engage \u00e0 les respecter. L\u2019utilisateur reconna\u00eet \u00e9galement \u00eatre inform\u00e9 que le Site est accessible 24h\/24h et 7 jours\/7, \u00e0 l\u2019exception des cas de force majeure tel que d\u00e9finis par la jurisprudence fran\u00e7aise, difficult\u00e9s li\u00e9es aux r\u00e9seaux de t\u00e9l\u00e9communications ou autres difficult\u00e9s techniques. Pour des raisons de maintenance, le Comit\u00e9 D\u00e9partemental Olympique et Sportif pourra interrompre l\u2019acc\u00e8s au Site et s\u2019efforcera d\u2019en avertir pr\u00e9alablement les utilisateurs. Le Comit\u00e9 D\u00e9partemental Olympique et Sportif d&rsquo;Eure-et-Loir ne pourra pas \u00eatre tenue responsable en cas d\u2019utilisation abusive du Site par un utilisateur.<\/p><\/div><\/div><div class=\"elementor-element elementor-element-44ac64a elementor-widget elementor-widget-heading\" data-id=\"44ac64a\" data-element_type=\"widget\" data-widget_type=\"heading.default\"><div class=\"elementor-widget-container\"><h2 class=\"elementor-heading-title elementor-size-default\">Qualit\u00e9 des informations<\/h2><\/div><\/div><div class=\"elementor-element elementor-element-54f8815 elementor-widget elementor-widget-text-editor\" data-id=\"54f8815\" data-element_type=\"widget\" data-widget_type=\"text-editor.default\"><div class=\"elementor-widget-container\"><p>Les informations fournies sur le site le sont \u00e0 titre informatif. Le Comit\u00e9 D\u00e9partemental Olympique et Sportif d&rsquo;Eure-et-Loir apporte le plus grand soin et met en \u0153uvre tout moyen pour diffuser sur le Site des informations de qualit\u00e9. Le Comit\u00e9 D\u00e9partemental Olympique et Sportif d&rsquo;Eure-et-Loir ne peut toutefois pas garantir de mani\u00e8re absolue l\u2019exactitude et l\u2019exhaustivit\u00e9 de l\u2019ensemble de ces informations. Ainsi, le Comit\u00e9 D\u00e9partemental Olympique et Sportif d&rsquo;Eure -et-Loir, soumis \u00e0 une obligation de moyens, ne saurait \u00eatre tenu pour responsable de tout pr\u00e9judice, direct ou indirect, du fait d\u2019une information mal utilis\u00e9e et\/ou qui se serait r\u00e9v\u00e9l\u00e9e inexacte ou incompl\u00e8te ni de tous dommages r\u00e9sultant d\u2019une intrusion d\u2019un tiers.<\/p><\/div><\/div>\t\t\t\t\t\t\t\t<\/div>\n\t\t\t\t<\/div>\n\t\t\t\t\t<\/div>\n\t\t\t\t<\/div>\n\t\t\t\t<\/div>\n\t\t","protected":false},"excerpt":{"rendered":"<p>Mentions l\u00e9gales Les informations personnelles pouvant \u00eatre recueillies sur ce site font l\u2019objet d\u2019une collecte et d\u2019un traitement informatis\u00e9 par le Comit\u00e9 D\u00e9partemental Olympique et Sportif Fran\u00e7ais (ci-apr\u00e8s \u00ab CDOS [&hellip;]<\/p>\n","protected":false},"author":1,"featured_media":0,"parent":0,"menu_order":0,"comment_status":"closed","ping_status":"closed","template":"page-templates\/template-pagebuilder-full-width.php","meta":{"footnotes":""},"class_list":["post-1808","page","type-page","status-publish","hentry"],"yoast_head":"<!-- This site is optimized with the Yoast SEO plugin v27.5 - https:\/\/yoast.com\/product\/yoast-seo-wordpress\/ -->\n<title>Mentions l\u00e9gales - CDOS 28<\/title>\n<meta name=\"robots\" content=\"index, follow, max-snippet:-1, max-image-preview:large, max-video-preview:-1\" \/>\n<link rel=\"canonical\" href=\"https:\/\/www.sport28.fr\/index.php\/mentions-legales\/\" \/>\n<meta property=\"og:locale\" content=\"fr_FR\" \/>\n<meta property=\"og:type\" content=\"article\" \/>\n<meta property=\"og:title\" content=\"Mentions l\u00e9gales - CDOS 28\" \/>\n<meta property=\"og:description\" content=\"Mentions l\u00e9gales Les informations personnelles pouvant \u00eatre recueillies sur ce site font l\u2019objet d\u2019une collecte et d\u2019un traitement informatis\u00e9 par le Comit\u00e9 D\u00e9partemental Olympique et Sportif Fran\u00e7ais (ci-apr\u00e8s \u00ab CDOS [&hellip;]\" \/>\n<meta property=\"og:url\" content=\"https:\/\/www.sport28.fr\/index.php\/mentions-legales\/\" \/>\n<meta property=\"og:site_name\" content=\"CDOS 28\" \/>\n<meta property=\"article:publisher\" content=\"https:\/\/www.facebook.com\/CDOS28?locale=fr_FR\" \/>\n<meta property=\"article:modified_time\" content=\"2023-11-16T15:08:02+00:00\" \/>\n<meta property=\"og:image\" content=\"https:\/\/www.sport28.fr\/wp-content\/uploads\/2023\/10\/cdos_eure_et_loir_logo.jpg\" \/>\n\t<meta property=\"og:image:width\" content=\"1000\" \/>\n\t<meta property=\"og:image:height\" content=\"1000\" \/>\n\t<meta property=\"og:image:type\" content=\"image\/jpeg\" \/>\n<meta name=\"twitter:card\" content=\"summary_large_image\" \/>\n<meta name=\"twitter:label1\" content=\"Dur\u00e9e de lecture estim\u00e9e\" \/>\n\t<meta name=\"twitter:data1\" content=\"4 minutes\" \/>\n<script type=\"application\/ld+json\" class=\"yoast-schema-graph\">{\"@context\":\"https:\\\/\\\/schema.org\",\"@graph\":[{\"@type\":\"WebPage\",\"@id\":\"https:\\\/\\\/www.sport28.fr\\\/index.php\\\/mentions-legales\\\/\",\"url\":\"https:\\\/\\\/www.sport28.fr\\\/index.php\\\/mentions-legales\\\/\",\"name\":\"Mentions l\u00e9gales - CDOS 28\",\"isPartOf\":{\"@id\":\"https:\\\/\\\/www.sport28.fr\\\/#website\"},\"datePublished\":\"2023-11-16T15:02:32+00:00\",\"dateModified\":\"2023-11-16T15:08:02+00:00\",\"breadcrumb\":{\"@id\":\"https:\\\/\\\/www.sport28.fr\\\/index.php\\\/mentions-legales\\\/#breadcrumb\"},\"inLanguage\":\"fr-FR\",\"potentialAction\":[{\"@type\":\"ReadAction\",\"target\":[\"https:\\\/\\\/www.sport28.fr\\\/index.php\\\/mentions-legales\\\/\"]}]},{\"@type\":\"BreadcrumbList\",\"@id\":\"https:\\\/\\\/www.sport28.fr\\\/index.php\\\/mentions-legales\\\/#breadcrumb\",\"itemListElement\":[{\"@type\":\"ListItem\",\"position\":1,\"name\":\"Accueil\",\"item\":\"https:\\\/\\\/www.sport28.fr\\\/\"},{\"@type\":\"ListItem\",\"position\":2,\"name\":\"Mentions l\u00e9gales\"}]},{\"@type\":\"WebSite\",\"@id\":\"https:\\\/\\\/www.sport28.fr\\\/#website\",\"url\":\"https:\\\/\\\/www.sport28.fr\\\/\",\"name\":\"CDOS 28\",\"description\":\"Comit\u00e9 D\u00e9partementale Olympique et Sportif d&#039;Eure et Loir\",\"publisher\":{\"@id\":\"https:\\\/\\\/www.sport28.fr\\\/#organization\"},\"potentialAction\":[{\"@type\":\"SearchAction\",\"target\":{\"@type\":\"EntryPoint\",\"urlTemplate\":\"https:\\\/\\\/www.sport28.fr\\\/?s={search_term_string}\"},\"query-input\":{\"@type\":\"PropertyValueSpecification\",\"valueRequired\":true,\"valueName\":\"search_term_string\"}}],\"inLanguage\":\"fr-FR\"},{\"@type\":\"Organization\",\"@id\":\"https:\\\/\\\/www.sport28.fr\\\/#organization\",\"name\":\"Comit\u00e9 d\u00e9partemental olympique et sportif d'eure-et-loir\",\"alternateName\":\"cdos 28\",\"url\":\"https:\\\/\\\/www.sport28.fr\\\/\",\"logo\":{\"@type\":\"ImageObject\",\"inLanguage\":\"fr-FR\",\"@id\":\"https:\\\/\\\/www.sport28.fr\\\/#\\\/schema\\\/logo\\\/image\\\/\",\"url\":\"https:\\\/\\\/www.sport28.fr\\\/wp-content\\\/uploads\\\/2023\\\/10\\\/cdos_eure_et_loir_logo.jpg\",\"contentUrl\":\"https:\\\/\\\/www.sport28.fr\\\/wp-content\\\/uploads\\\/2023\\\/10\\\/cdos_eure_et_loir_logo.jpg\",\"width\":1000,\"height\":1000,\"caption\":\"Comit\u00e9 d\u00e9partemental olympique et sportif d'eure-et-loir\"},\"image\":{\"@id\":\"https:\\\/\\\/www.sport28.fr\\\/#\\\/schema\\\/logo\\\/image\\\/\"},\"sameAs\":[\"https:\\\/\\\/www.facebook.com\\\/CDOS28?locale=fr_FR\"]}]}<\/script>\n<!-- \/ Yoast SEO plugin. -->","yoast_head_json":{"title":"Mentions l\u00e9gales - CDOS 28","robots":{"index":"index","follow":"follow","max-snippet":"max-snippet:-1","max-image-preview":"max-image-preview:large","max-video-preview":"max-video-preview:-1"},"canonical":"https:\/\/www.sport28.fr\/index.php\/mentions-legales\/","og_locale":"fr_FR","og_type":"article","og_title":"Mentions l\u00e9gales - CDOS 28","og_description":"Mentions l\u00e9gales Les informations personnelles pouvant \u00eatre recueillies sur ce site font l\u2019objet d\u2019une collecte et d\u2019un traitement informatis\u00e9 par le Comit\u00e9 D\u00e9partemental Olympique et Sportif Fran\u00e7ais (ci-apr\u00e8s \u00ab CDOS [&hellip;]","og_url":"https:\/\/www.sport28.fr\/index.php\/mentions-legales\/","og_site_name":"CDOS 28","article_publisher":"https:\/\/www.facebook.com\/CDOS28?locale=fr_FR","article_modified_time":"2023-11-16T15:08:02+00:00","og_image":[{"width":1000,"height":1000,"url":"https:\/\/www.sport28.fr\/wp-content\/uploads\/2023\/10\/cdos_eure_et_loir_logo.jpg","type":"image\/jpeg"}],"twitter_card":"summary_large_image","twitter_misc":{"Dur\u00e9e de lecture estim\u00e9e":"4 minutes"},"schema":{"@context":"https:\/\/schema.org","@graph":[{"@type":"WebPage","@id":"https:\/\/www.sport28.fr\/index.php\/mentions-legales\/","url":"https:\/\/www.sport28.fr\/index.php\/mentions-legales\/","name":"Mentions l\u00e9gales - CDOS 28","isPartOf":{"@id":"https:\/\/www.sport28.fr\/#website"},"datePublished":"2023-11-16T15:02:32+00:00","dateModified":"2023-11-16T15:08:02+00:00","breadcrumb":{"@id":"https:\/\/www.sport28.fr\/index.php\/mentions-legales\/#breadcrumb"},"inLanguage":"fr-FR","potentialAction":[{"@type":"ReadAction","target":["https:\/\/www.sport28.fr\/index.php\/mentions-legales\/"]}]},{"@type":"BreadcrumbList","@id":"https:\/\/www.sport28.fr\/index.php\/mentions-legales\/#breadcrumb","itemListElement":[{"@type":"ListItem","position":1,"name":"Accueil","item":"https:\/\/www.sport28.fr\/"},{"@type":"ListItem","position":2,"name":"Mentions l\u00e9gales"}]},{"@type":"WebSite","@id":"https:\/\/www.sport28.fr\/#website","url":"https:\/\/www.sport28.fr\/","name":"CDOS 28","description":"Comit\u00e9 D\u00e9partementale Olympique et Sportif d&#039;Eure et Loir","publisher":{"@id":"https:\/\/www.sport28.fr\/#organization"},"potentialAction":[{"@type":"SearchAction","target":{"@type":"EntryPoint","urlTemplate":"https:\/\/www.sport28.fr\/?s={search_term_string}"},"query-input":{"@type":"PropertyValueSpecification","valueRequired":true,"valueName":"search_term_string"}}],"inLanguage":"fr-FR"},{"@type":"Organization","@id":"https:\/\/www.sport28.fr\/#organization","name":"Comit\u00e9 d\u00e9partemental olympique et sportif d'eure-et-loir","alternateName":"cdos 28","url":"https:\/\/www.sport28.fr\/","logo":{"@type":"ImageObject","inLanguage":"fr-FR","@id":"https:\/\/www.sport28.fr\/#\/schema\/logo\/image\/","url":"https:\/\/www.sport28.fr\/wp-content\/uploads\/2023\/10\/cdos_eure_et_loir_logo.jpg","contentUrl":"https:\/\/www.sport28.fr\/wp-content\/uploads\/2023\/10\/cdos_eure_et_loir_logo.jpg","width":1000,"height":1000,"caption":"Comit\u00e9 d\u00e9partemental olympique et sportif d'eure-et-loir"},"image":{"@id":"https:\/\/www.sport28.fr\/#\/schema\/logo\/image\/"},"sameAs":["https:\/\/www.facebook.com\/CDOS28?locale=fr_FR"]}]}},"_links":{"self":[{"href":"https:\/\/www.sport28.fr\/index.php\/wp-json\/wp\/v2\/pages\/1808","targetHints":{"allow":["GET"]}}],"collection":[{"href":"https:\/\/www.sport28.fr\/index.php\/wp-json\/wp\/v2\/pages"}],"about":[{"href":"https:\/\/www.sport28.fr\/index.php\/wp-json\/wp\/v2\/types\/page"}],"author":[{"embeddable":true,"href":"https:\/\/www.sport28.fr\/index.php\/wp-json\/wp\/v2\/users\/1"}],"replies":[{"embeddable":true,"href":"https:\/\/www.sport28.fr\/index.php\/wp-json\/wp\/v2\/comments?post=1808"}],"version-history":[{"count":4,"href":"https:\/\/www.sport28.fr\/index.php\/wp-json\/wp\/v2\/pages\/1808\/revisions"}],"predecessor-version":[{"id":1812,"href":"https:\/\/www.sport28.fr\/index.php\/wp-json\/wp\/v2\/pages\/1808\/revisions\/1812"}],"wp:attachment":[{"href":"https:\/\/www.sport28.fr\/index.php\/wp-json\/wp\/v2\/media?parent=1808"}],"curies":[{"name":"wp","href":"https:\/\/api.w.org\/{rel}","templated":true}]}}