{"id":1552,"date":"2023-11-15T14:17:18","date_gmt":"2023-11-15T13:17:18","guid":{"rendered":"http:\/\/www.dev.sport28.fr\/?page_id=1552"},"modified":"2023-11-21T14:32:45","modified_gmt":"2023-11-21T13:32:45","slug":"expositions","status":"publish","type":"page","link":"https:\/\/www.sport28.fr\/index.php\/expositions\/","title":{"rendered":"Expositions"},"content":{"rendered":"\t\t<div data-elementor-type=\"wp-page\" data-elementor-id=\"1552\" class=\"elementor elementor-1552\" data-elementor-post-type=\"page\">\n\t\t\t\t<div class=\"elementor-element elementor-element-5dbce00f e-flex e-con-boxed e-con e-parent\" data-id=\"5dbce00f\" data-element_type=\"container\" data-e-type=\"container\" data-settings=\"{&quot;background_background&quot;:&quot;classic&quot;}\">\n\t\t\t\t\t<div class=\"e-con-inner\">\n\t\t<div class=\"elementor-element elementor-element-6c19e655 e-con-full e-flex e-con e-child\" data-id=\"6c19e655\" data-element_type=\"container\" data-e-type=\"container\">\n\t\t\t\t<div class=\"elementor-element elementor-element-18bdef97 animated-slow elementor-invisible elementor-widget elementor-widget-heading\" data-id=\"18bdef97\" data-element_type=\"widget\" data-e-type=\"widget\" data-settings=\"{&quot;_animation&quot;:&quot;slideInUp&quot;}\" data-widget_type=\"heading.default\">\n\t\t\t\t<div class=\"elementor-widget-container\">\n\t\t\t\t\t<h2 class=\"elementor-heading-title elementor-size-default\">Expositions <\/h2>\t\t\t\t<\/div>\n\t\t\t\t<\/div>\n\t\t\t\t<div class=\"elementor-element elementor-element-730e66a3 elementor-widget elementor-widget-text-editor\" data-id=\"730e66a3\" data-element_type=\"widget\" data-e-type=\"widget\" data-widget_type=\"text-editor.default\">\n\t\t\t\t<div class=\"elementor-widget-container\">\n\t\t\t\t\t\t\t\t\t<p><b>Le CDOS peut vous mettre \u00e0 disposition gratuitement (\u00e0 raison d\u2019une fois par an durant 15 jours max) des expositions th\u00e9matiques sur les Jeux. (Expositions int\u00e9rieures)<\/b><\/p><p><span class=\"c2\"><span style=\"text-decoration: underline;\"><b>Pour qui ?<\/b><\/span><br \/><\/span>o Vous \u00eates adh\u00e9rent au CDOS<br \/>o Vous \u00eates un \u00e9tablissement labellis\u00e9 G\u00e9n\u00e9ration 2024 ou une Classe Olympique<br \/>o Vous \u00eates une collectivit\u00e9 labellis\u00e9e Terre de Jeux ou labellis\u00e9e par le CROS (commune sportive)<br \/>Si vous ne faites pas partie des cas de figure list\u00e9s ci-dessus, nous pouvons vous proposer les expos \u00e0 la location ou \u00e0 la vente.<\/p><p><span style=\"text-decoration: underline;\"><span class=\"c2\"><b>L\u2019objectif :<\/b><\/span><\/span><br \/>o D\u00e9couvrir l\u2019histoire et les valeurs de l\u2019Olympisme<\/p>\t\t\t\t\t\t\t\t<\/div>\n\t\t\t\t<\/div>\n\t\t\t\t<\/div>\n\t\t\t\t\t<\/div>\n\t\t\t\t<\/div>\n\t\t<div class=\"elementor-element elementor-element-1b03f1d e-flex e-con-boxed elementor-invisible e-con e-parent\" data-id=\"1b03f1d\" data-element_type=\"container\" data-e-type=\"container\" data-settings=\"{&quot;animation&quot;:&quot;bounceIn&quot;}\">\n\t\t\t\t\t<div class=\"e-con-inner\">\n\t\t<div class=\"elementor-element elementor-element-45d81c7 e-con-full e-flex e-con e-child\" data-id=\"45d81c7\" data-element_type=\"container\" data-e-type=\"container\">\n\t\t\t\t<div class=\"elementor-element elementor-element-ca4fc0e elementor-widget elementor-widget-image\" data-id=\"ca4fc0e\" data-element_type=\"widget\" data-e-type=\"widget\" data-widget_type=\"image.default\">\n\t\t\t\t<div class=\"elementor-widget-container\">\n\t\t\t\t\t\t\t\t\t\t\t\t\t\t\t<img fetchpriority=\"high\" decoding=\"async\" width=\"748\" height=\"975\" src=\"https:\/\/www.sport28.fr\/wp-content\/uploads\/2023\/11\/2019_synthese2_small-1.jpg\" class=\"attachment-large size-large wp-image-1563\" alt=\"\" srcset=\"https:\/\/www.sport28.fr\/wp-content\/uploads\/2023\/11\/2019_synthese2_small-1.jpg 748w, https:\/\/www.sport28.fr\/wp-content\/uploads\/2023\/11\/2019_synthese2_small-1-230x300.jpg 230w\" sizes=\"(max-width: 748px) 100vw, 748px\" \/>\t\t\t\t\t\t\t\t\t\t\t\t\t\t\t<\/div>\n\t\t\t\t<\/div>\n\t\t\t\t<\/div>\n\t\t<div class=\"elementor-element elementor-element-4c0b322 e-con-full e-flex e-con e-child\" data-id=\"4c0b322\" data-element_type=\"container\" data-e-type=\"container\">\n\t\t\t\t<div class=\"elementor-element elementor-element-b10560b elementor-widget elementor-widget-image\" data-id=\"b10560b\" data-element_type=\"widget\" data-e-type=\"widget\" data-widget_type=\"image.default\">\n\t\t\t\t<div class=\"elementor-widget-container\">\n\t\t\t\t\t\t\t\t\t\t\t\t\t\t\t<img decoding=\"async\" width=\"748\" height=\"985\" src=\"https:\/\/www.sport28.fr\/wp-content\/uploads\/2023\/11\/synthese_hiver_small-1.jpg\" class=\"attachment-large size-large wp-image-1562\" alt=\"\" srcset=\"https:\/\/www.sport28.fr\/wp-content\/uploads\/2023\/11\/synthese_hiver_small-1.jpg 748w, https:\/\/www.sport28.fr\/wp-content\/uploads\/2023\/11\/synthese_hiver_small-1-228x300.jpg 228w\" sizes=\"(max-width: 748px) 100vw, 748px\" \/>\t\t\t\t\t\t\t\t\t\t\t\t\t\t\t<\/div>\n\t\t\t\t<\/div>\n\t\t\t\t<\/div>\n\t\t<div class=\"elementor-element elementor-element-3ca9dc6 e-con-full e-flex e-con e-child\" data-id=\"3ca9dc6\" data-element_type=\"container\" data-e-type=\"container\">\n\t\t\t\t<div class=\"elementor-element elementor-element-0ca9032 elementor-widget elementor-widget-image\" data-id=\"0ca9032\" data-element_type=\"widget\" data-e-type=\"widget\" data-widget_type=\"image.default\">\n\t\t\t\t<div class=\"elementor-widget-container\">\n\t\t\t\t\t\t\t\t\t\t\t\t\t\t\t<img decoding=\"async\" width=\"663\" height=\"1024\" src=\"https:\/\/www.sport28.fr\/wp-content\/uploads\/2023\/11\/hdj_ja_jm_small-1-663x1024.png\" class=\"attachment-large size-large wp-image-1561\" alt=\"\" srcset=\"https:\/\/www.sport28.fr\/wp-content\/uploads\/2023\/11\/hdj_ja_jm_small-1-663x1024.png 663w, https:\/\/www.sport28.fr\/wp-content\/uploads\/2023\/11\/hdj_ja_jm_small-1-194x300.png 194w, https:\/\/www.sport28.fr\/wp-content\/uploads\/2023\/11\/hdj_ja_jm_small-1.png 748w\" sizes=\"(max-width: 663px) 100vw, 663px\" \/>\t\t\t\t\t\t\t\t\t\t\t\t\t\t\t<\/div>\n\t\t\t\t<\/div>\n\t\t\t\t<\/div>\n\t\t<div class=\"elementor-element elementor-element-80f3afe e-con-full e-flex e-con e-child\" data-id=\"80f3afe\" data-element_type=\"container\" data-e-type=\"container\">\n\t\t\t\t<div class=\"elementor-element elementor-element-51a245f elementor-widget elementor-widget-image\" data-id=\"51a245f\" data-element_type=\"widget\" data-e-type=\"widget\" data-widget_type=\"image.default\">\n\t\t\t\t<div class=\"elementor-widget-container\">\n\t\t\t\t\t\t\t\t\t\t\t\t\t\t\t<img loading=\"lazy\" decoding=\"async\" width=\"748\" height=\"576\" src=\"https:\/\/www.sport28.fr\/wp-content\/uploads\/2023\/11\/valeurs_partie_small-1.jpg\" class=\"attachment-large size-large wp-image-1560\" alt=\"\" srcset=\"https:\/\/www.sport28.fr\/wp-content\/uploads\/2023\/11\/valeurs_partie_small-1.jpg 748w, https:\/\/www.sport28.fr\/wp-content\/uploads\/2023\/11\/valeurs_partie_small-1-300x231.jpg 300w\" sizes=\"(max-width: 748px) 100vw, 748px\" \/>\t\t\t\t\t\t\t\t\t\t\t\t\t\t\t<\/div>\n\t\t\t\t<\/div>\n\t\t\t\t<\/div>\n\t\t\t\t\t<\/div>\n\t\t\t\t<\/div>\n\t\t<div class=\"elementor-element elementor-element-9a2965d e-flex e-con-boxed e-con e-parent\" data-id=\"9a2965d\" data-element_type=\"container\" data-e-type=\"container\">\n\t\t\t\t\t<div class=\"e-con-inner\">\n\t\t<div class=\"elementor-element elementor-element-d835bd6 e-con-full e-flex e-con e-child\" data-id=\"d835bd6\" data-element_type=\"container\" data-e-type=\"container\">\n\t\t\t\t<div class=\"elementor-element elementor-element-f7b93dc elementor-widget elementor-widget-text-editor\" data-id=\"f7b93dc\" data-element_type=\"widget\" data-e-type=\"widget\" data-widget_type=\"text-editor.default\">\n\t\t\t\t<div class=\"elementor-widget-container\">\n\t\t\t\t\t\t\t\t\t<p><span>Les Jeux d\u2019\u00e9t\u00e9<\/span><br \/><span>(30 kakemonos de 85 x 200 cm)<\/span><\/p>\t\t\t\t\t\t\t\t<\/div>\n\t\t\t\t<\/div>\n\t\t\t\t<\/div>\n\t\t<div class=\"elementor-element elementor-element-9516b3a e-con-full e-flex e-con e-child\" data-id=\"9516b3a\" data-element_type=\"container\" data-e-type=\"container\">\n\t\t\t\t<div class=\"elementor-element elementor-element-787ebd7 elementor-widget elementor-widget-text-editor\" data-id=\"787ebd7\" data-element_type=\"widget\" data-e-type=\"widget\" data-widget_type=\"text-editor.default\">\n\t\t\t\t<div class=\"elementor-widget-container\">\n\t\t\t\t\t\t\t\t\t<p><span>Les Jeux d\u2019hiver<\/span><br \/><span>(24 kakemonos de 85 x 200 cm)<\/span><\/p>\t\t\t\t\t\t\t\t<\/div>\n\t\t\t\t<\/div>\n\t\t\t\t<\/div>\n\t\t<div class=\"elementor-element elementor-element-095e708 e-con-full e-flex e-con e-child\" data-id=\"095e708\" data-element_type=\"container\" data-e-type=\"container\">\n\t\t\t\t<div class=\"elementor-element elementor-element-a3f18d8 elementor-widget elementor-widget-text-editor\" data-id=\"a3f18d8\" data-element_type=\"widget\" data-e-type=\"widget\" data-widget_type=\"text-editor.default\">\n\t\t\t\t<div class=\"elementor-widget-container\">\n\t\t\t\t\t\t\t\t\t<p><span>L\u2019Histoire des Jeux<\/span><br \/><span>Jeux antiques Jeux modernes<\/span><br \/><span>(12 kakemonos de 85 x 200 cm)<\/span><\/p>\t\t\t\t\t\t\t\t<\/div>\n\t\t\t\t<\/div>\n\t\t\t\t<\/div>\n\t\t<div class=\"elementor-element elementor-element-6014d1f e-con-full e-flex e-con e-child\" data-id=\"6014d1f\" data-element_type=\"container\" data-e-type=\"container\">\n\t\t\t\t<div class=\"elementor-element elementor-element-9d6a683 elementor-widget elementor-widget-text-editor\" data-id=\"9d6a683\" data-element_type=\"widget\" data-e-type=\"widget\" data-widget_type=\"text-editor.default\">\n\t\t\t\t<div class=\"elementor-widget-container\">\n\t\t\t\t\t\t\t\t\t<p><span>L\u2019Olympisme et ses valeurs<\/span><br \/><span>(40 panneaux A3 PVC)<\/span><\/p>\t\t\t\t\t\t\t\t<\/div>\n\t\t\t\t<\/div>\n\t\t\t\t<\/div>\n\t\t\t\t\t<\/div>\n\t\t\t\t<\/div>\n\t\t\t\t<\/div>\n\t\t","protected":false},"excerpt":{"rendered":"<p>Expositions Le CDOS peut vous mettre \u00e0 disposition gratuitement (\u00e0 raison d\u2019une fois par an durant 15 jours max) des expositions th\u00e9matiques sur les Jeux. (Expositions int\u00e9rieures) Pour qui ?o [&hellip;]<\/p>\n","protected":false},"author":1,"featured_media":0,"parent":0,"menu_order":0,"comment_status":"closed","ping_status":"closed","template":"page-templates\/template-pagebuilder-full-width.php","meta":{"footnotes":""},"class_list":["post-1552","page","type-page","status-publish","hentry"],"yoast_head":"<!-- This site is optimized with the Yoast SEO plugin v27.5 - https:\/\/yoast.com\/product\/yoast-seo-wordpress\/ -->\n<title>Expositions - CDOS 28<\/title>\n<meta name=\"robots\" content=\"index, follow, max-snippet:-1, max-image-preview:large, max-video-preview:-1\" \/>\n<link rel=\"canonical\" href=\"https:\/\/www.sport28.fr\/index.php\/expositions\/\" \/>\n<meta property=\"og:locale\" content=\"fr_FR\" \/>\n<meta property=\"og:type\" content=\"article\" \/>\n<meta property=\"og:title\" content=\"Expositions - CDOS 28\" \/>\n<meta property=\"og:description\" content=\"Expositions Le CDOS peut vous mettre \u00e0 disposition gratuitement (\u00e0 raison d\u2019une fois par an durant 15 jours max) des expositions th\u00e9matiques sur les Jeux. (Expositions int\u00e9rieures) Pour qui ?o [&hellip;]\" \/>\n<meta property=\"og:url\" content=\"https:\/\/www.sport28.fr\/index.php\/expositions\/\" \/>\n<meta property=\"og:site_name\" content=\"CDOS 28\" \/>\n<meta property=\"article:publisher\" content=\"https:\/\/www.facebook.com\/CDOS28?locale=fr_FR\" \/>\n<meta property=\"article:modified_time\" content=\"2023-11-21T13:32:45+00:00\" \/>\n<meta property=\"og:image\" content=\"http:\/\/www.dev.sport28.fr\/wp-content\/uploads\/2023\/11\/2019_synthese2_small-1.jpg\" \/>\n<meta name=\"twitter:card\" content=\"summary_large_image\" \/>\n<meta name=\"twitter:label1\" content=\"Dur\u00e9e de lecture estim\u00e9e\" \/>\n\t<meta name=\"twitter:data1\" content=\"2 minutes\" \/>\n<script type=\"application\/ld+json\" class=\"yoast-schema-graph\">{\"@context\":\"https:\\\/\\\/schema.org\",\"@graph\":[{\"@type\":\"WebPage\",\"@id\":\"https:\\\/\\\/www.sport28.fr\\\/index.php\\\/expositions\\\/\",\"url\":\"https:\\\/\\\/www.sport28.fr\\\/index.php\\\/expositions\\\/\",\"name\":\"Expositions - CDOS 28\",\"isPartOf\":{\"@id\":\"https:\\\/\\\/www.sport28.fr\\\/#website\"},\"primaryImageOfPage\":{\"@id\":\"https:\\\/\\\/www.sport28.fr\\\/index.php\\\/expositions\\\/#primaryimage\"},\"image\":{\"@id\":\"https:\\\/\\\/www.sport28.fr\\\/index.php\\\/expositions\\\/#primaryimage\"},\"thumbnailUrl\":\"http:\\\/\\\/www.dev.sport28.fr\\\/wp-content\\\/uploads\\\/2023\\\/11\\\/2019_synthese2_small-1.jpg\",\"datePublished\":\"2023-11-15T13:17:18+00:00\",\"dateModified\":\"2023-11-21T13:32:45+00:00\",\"breadcrumb\":{\"@id\":\"https:\\\/\\\/www.sport28.fr\\\/index.php\\\/expositions\\\/#breadcrumb\"},\"inLanguage\":\"fr-FR\",\"potentialAction\":[{\"@type\":\"ReadAction\",\"target\":[\"https:\\\/\\\/www.sport28.fr\\\/index.php\\\/expositions\\\/\"]}]},{\"@type\":\"ImageObject\",\"inLanguage\":\"fr-FR\",\"@id\":\"https:\\\/\\\/www.sport28.fr\\\/index.php\\\/expositions\\\/#primaryimage\",\"url\":\"http:\\\/\\\/www.dev.sport28.fr\\\/wp-content\\\/uploads\\\/2023\\\/11\\\/2019_synthese2_small-1.jpg\",\"contentUrl\":\"http:\\\/\\\/www.dev.sport28.fr\\\/wp-content\\\/uploads\\\/2023\\\/11\\\/2019_synthese2_small-1.jpg\"},{\"@type\":\"BreadcrumbList\",\"@id\":\"https:\\\/\\\/www.sport28.fr\\\/index.php\\\/expositions\\\/#breadcrumb\",\"itemListElement\":[{\"@type\":\"ListItem\",\"position\":1,\"name\":\"Accueil\",\"item\":\"https:\\\/\\\/www.sport28.fr\\\/\"},{\"@type\":\"ListItem\",\"position\":2,\"name\":\"Expositions\"}]},{\"@type\":\"WebSite\",\"@id\":\"https:\\\/\\\/www.sport28.fr\\\/#website\",\"url\":\"https:\\\/\\\/www.sport28.fr\\\/\",\"name\":\"CDOS 28\",\"description\":\"Comit\u00e9 D\u00e9partementale Olympique et Sportif d&#039;Eure et Loir\",\"publisher\":{\"@id\":\"https:\\\/\\\/www.sport28.fr\\\/#organization\"},\"potentialAction\":[{\"@type\":\"SearchAction\",\"target\":{\"@type\":\"EntryPoint\",\"urlTemplate\":\"https:\\\/\\\/www.sport28.fr\\\/?s={search_term_string}\"},\"query-input\":{\"@type\":\"PropertyValueSpecification\",\"valueRequired\":true,\"valueName\":\"search_term_string\"}}],\"inLanguage\":\"fr-FR\"},{\"@type\":\"Organization\",\"@id\":\"https:\\\/\\\/www.sport28.fr\\\/#organization\",\"name\":\"Comit\u00e9 d\u00e9partemental olympique et sportif d'eure-et-loir\",\"alternateName\":\"cdos 28\",\"url\":\"https:\\\/\\\/www.sport28.fr\\\/\",\"logo\":{\"@type\":\"ImageObject\",\"inLanguage\":\"fr-FR\",\"@id\":\"https:\\\/\\\/www.sport28.fr\\\/#\\\/schema\\\/logo\\\/image\\\/\",\"url\":\"https:\\\/\\\/www.sport28.fr\\\/wp-content\\\/uploads\\\/2023\\\/10\\\/cdos_eure_et_loir_logo.jpg\",\"contentUrl\":\"https:\\\/\\\/www.sport28.fr\\\/wp-content\\\/uploads\\\/2023\\\/10\\\/cdos_eure_et_loir_logo.jpg\",\"width\":1000,\"height\":1000,\"caption\":\"Comit\u00e9 d\u00e9partemental olympique et sportif d'eure-et-loir\"},\"image\":{\"@id\":\"https:\\\/\\\/www.sport28.fr\\\/#\\\/schema\\\/logo\\\/image\\\/\"},\"sameAs\":[\"https:\\\/\\\/www.facebook.com\\\/CDOS28?locale=fr_FR\"]}]}<\/script>\n<!-- \/ Yoast SEO plugin. -->","yoast_head_json":{"title":"Expositions - CDOS 28","robots":{"index":"index","follow":"follow","max-snippet":"max-snippet:-1","max-image-preview":"max-image-preview:large","max-video-preview":"max-video-preview:-1"},"canonical":"https:\/\/www.sport28.fr\/index.php\/expositions\/","og_locale":"fr_FR","og_type":"article","og_title":"Expositions - CDOS 28","og_description":"Expositions Le CDOS peut vous mettre \u00e0 disposition gratuitement (\u00e0 raison d\u2019une fois par an durant 15 jours max) des expositions th\u00e9matiques sur les Jeux. (Expositions int\u00e9rieures) Pour qui ?o [&hellip;]","og_url":"https:\/\/www.sport28.fr\/index.php\/expositions\/","og_site_name":"CDOS 28","article_publisher":"https:\/\/www.facebook.com\/CDOS28?locale=fr_FR","article_modified_time":"2023-11-21T13:32:45+00:00","og_image":[{"url":"http:\/\/www.dev.sport28.fr\/wp-content\/uploads\/2023\/11\/2019_synthese2_small-1.jpg","type":"","width":"","height":""}],"twitter_card":"summary_large_image","twitter_misc":{"Dur\u00e9e de lecture estim\u00e9e":"2 minutes"},"schema":{"@context":"https:\/\/schema.org","@graph":[{"@type":"WebPage","@id":"https:\/\/www.sport28.fr\/index.php\/expositions\/","url":"https:\/\/www.sport28.fr\/index.php\/expositions\/","name":"Expositions - CDOS 28","isPartOf":{"@id":"https:\/\/www.sport28.fr\/#website"},"primaryImageOfPage":{"@id":"https:\/\/www.sport28.fr\/index.php\/expositions\/#primaryimage"},"image":{"@id":"https:\/\/www.sport28.fr\/index.php\/expositions\/#primaryimage"},"thumbnailUrl":"http:\/\/www.dev.sport28.fr\/wp-content\/uploads\/2023\/11\/2019_synthese2_small-1.jpg","datePublished":"2023-11-15T13:17:18+00:00","dateModified":"2023-11-21T13:32:45+00:00","breadcrumb":{"@id":"https:\/\/www.sport28.fr\/index.php\/expositions\/#breadcrumb"},"inLanguage":"fr-FR","potentialAction":[{"@type":"ReadAction","target":["https:\/\/www.sport28.fr\/index.php\/expositions\/"]}]},{"@type":"ImageObject","inLanguage":"fr-FR","@id":"https:\/\/www.sport28.fr\/index.php\/expositions\/#primaryimage","url":"http:\/\/www.dev.sport28.fr\/wp-content\/uploads\/2023\/11\/2019_synthese2_small-1.jpg","contentUrl":"http:\/\/www.dev.sport28.fr\/wp-content\/uploads\/2023\/11\/2019_synthese2_small-1.jpg"},{"@type":"BreadcrumbList","@id":"https:\/\/www.sport28.fr\/index.php\/expositions\/#breadcrumb","itemListElement":[{"@type":"ListItem","position":1,"name":"Accueil","item":"https:\/\/www.sport28.fr\/"},{"@type":"ListItem","position":2,"name":"Expositions"}]},{"@type":"WebSite","@id":"https:\/\/www.sport28.fr\/#website","url":"https:\/\/www.sport28.fr\/","name":"CDOS 28","description":"Comit\u00e9 D\u00e9partementale Olympique et Sportif d&#039;Eure et Loir","publisher":{"@id":"https:\/\/www.sport28.fr\/#organization"},"potentialAction":[{"@type":"SearchAction","target":{"@type":"EntryPoint","urlTemplate":"https:\/\/www.sport28.fr\/?s={search_term_string}"},"query-input":{"@type":"PropertyValueSpecification","valueRequired":true,"valueName":"search_term_string"}}],"inLanguage":"fr-FR"},{"@type":"Organization","@id":"https:\/\/www.sport28.fr\/#organization","name":"Comit\u00e9 d\u00e9partemental olympique et sportif d'eure-et-loir","alternateName":"cdos 28","url":"https:\/\/www.sport28.fr\/","logo":{"@type":"ImageObject","inLanguage":"fr-FR","@id":"https:\/\/www.sport28.fr\/#\/schema\/logo\/image\/","url":"https:\/\/www.sport28.fr\/wp-content\/uploads\/2023\/10\/cdos_eure_et_loir_logo.jpg","contentUrl":"https:\/\/www.sport28.fr\/wp-content\/uploads\/2023\/10\/cdos_eure_et_loir_logo.jpg","width":1000,"height":1000,"caption":"Comit\u00e9 d\u00e9partemental olympique et sportif d'eure-et-loir"},"image":{"@id":"https:\/\/www.sport28.fr\/#\/schema\/logo\/image\/"},"sameAs":["https:\/\/www.facebook.com\/CDOS28?locale=fr_FR"]}]}},"_links":{"self":[{"href":"https:\/\/www.sport28.fr\/index.php\/wp-json\/wp\/v2\/pages\/1552","targetHints":{"allow":["GET"]}}],"collection":[{"href":"https:\/\/www.sport28.fr\/index.php\/wp-json\/wp\/v2\/pages"}],"about":[{"href":"https:\/\/www.sport28.fr\/index.php\/wp-json\/wp\/v2\/types\/page"}],"author":[{"embeddable":true,"href":"https:\/\/www.sport28.fr\/index.php\/wp-json\/wp\/v2\/users\/1"}],"replies":[{"embeddable":true,"href":"https:\/\/www.sport28.fr\/index.php\/wp-json\/wp\/v2\/comments?post=1552"}],"version-history":[{"count":20,"href":"https:\/\/www.sport28.fr\/index.php\/wp-json\/wp\/v2\/pages\/1552\/revisions"}],"predecessor-version":[{"id":2012,"href":"https:\/\/www.sport28.fr\/index.php\/wp-json\/wp\/v2\/pages\/1552\/revisions\/2012"}],"wp:attachment":[{"href":"https:\/\/www.sport28.fr\/index.php\/wp-json\/wp\/v2\/media?parent=1552"}],"curies":[{"name":"wp","href":"https:\/\/api.w.org\/{rel}","templated":true}]}}