{"id":1226,"date":"2023-11-20T10:39:50","date_gmt":"2023-11-20T09:39:50","guid":{"rendered":"http:\/\/www.dev.sport28.fr\/?page_id=1226"},"modified":"2023-11-20T10:41:54","modified_gmt":"2023-11-20T09:41:54","slug":"mentions-legales-2","status":"publish","type":"page","link":"https:\/\/www.sport28.fr\/index.php\/mentions-legales-2\/","title":{"rendered":"Mentions l\u00e9gales"},"content":{"rendered":"\t\t<div data-elementor-type=\"wp-page\" data-elementor-id=\"1226\" class=\"elementor elementor-1226\" data-elementor-post-type=\"page\">\n\t\t\t\t<div class=\"elementor-element elementor-element-6ed29df e-flex e-con-boxed e-con e-parent\" data-id=\"6ed29df\" data-element_type=\"container\" data-e-type=\"container\">\n\t\t\t\t\t<div class=\"e-con-inner\">\n\t\t\t\t<div class=\"elementor-element elementor-element-105eaac elementor-widget elementor-widget-text-editor\" data-id=\"105eaac\" data-element_type=\"widget\" data-e-type=\"widget\" data-widget_type=\"text-editor.default\">\n\t\t\t\t<div class=\"elementor-widget-container\">\n\t\t\t\t\t\t\t\t\t<div class=\"page-header\"><h1 itemprop=\"headline\">Mentions l\u00e9gales<\/h1><\/div><dl class=\"article-info text-muted\"><\/dl><div itemprop=\"articleBody\" class=\"com-content-article__body\"><h2><\/h2><h3>Si\u00e8ge social :<\/h3><p>Comit\u00e9 D\u00e9partemental Olympique et Sportif d&rsquo;Eure-et-Loir<br \/>5 rue du petit R\u00e9au 28300 L\u00e8ves<br \/>Tel : 09.84.38.25.07<br \/>Mail :<span>\u00a0<\/span><joomla-hidden-mail is-link=\"1\" is-email=\"1\" first=\"ZXVyZWV0bG9pcg==\" last=\"ZnJhbmNlb2x5bXBpcXVlLmNvbQ==\" text=\"ZXVyZWV0bG9pckBmcmFuY2VvbHltcGlxdWUuY29t\" base=\"\" target=\"_blank\" rel=\"noopener\"><a href=\"mailto:eureetloir@franceolympique.com\" base=\"\" target=\"_blank\" rel=\"noopener\">eureetloir@franceolympique.com<\/a><\/joomla-hidden-mail><\/p><h3><strong>Directeur de la publication :<\/strong><\/h3><p>Pr\u00e9sident du CDOS 28.<\/p><h3><strong>Conception et r\u00e9daction :<\/strong><\/h3><p>Salari\u00e9s et b\u00e9n\u00e9voles du CDOS 28.<\/p><h3><strong>Propri\u00e9t\u00e9 intellectuelle et industrielle :<\/strong><\/h3><p>Le site www.sport28.fr est la propri\u00e9t\u00e9 exclusive du CDOS d&rsquo;Eure-er-Loir.<br \/>L\u2019ensemble de son contenu et notamment les textes, pr\u00e9sentations, illustrations, photographies et les<br \/>documents t\u00e9l\u00e9chargeables sont prot\u00e9g\u00e9s par les droits d\u2019auteurs.<br \/>A ce titre, la reproduction de tout ou partie de ce site sur un support \u00e9lectronique ou papier quel qu\u2019il<br \/>soit est formellement interdite conform\u00e9ment aux dispositions de l\u2019article L.122-4 du Code de la propri\u00e9t\u00e9<br \/>intellectuelle.<br \/>Toute personne y proc\u00e9dant sans pouvoir justifier d\u2019une autorisation pr\u00e9alable et expresse du d\u00e9tenteur<br \/>de ces droits encourt les peines relatives au d\u00e9lit de contrefa\u00e7on pr\u00e9vues aux articles L.335-2 et suivant<br \/>du Code de la propri\u00e9t\u00e9 intellectuelle.<\/p><h2>H\u00e9bergement<\/h2><p>Ce site est h\u00e9berg\u00e9 par OVH SAS, filiale de la soci\u00e9t\u00e9 OVH Groupe SAS, soci\u00e9t\u00e9 immatricul\u00e9e au RCS de Lille sous le num\u00e9ro 537 407 926 sise 2, rue Kellermann, 59100 Roubaix.<\/p><h2>Conditions d\u2019utilisation du site Internet<span>\u00a0<\/span><a href=\"http:\/\/www.sport28.fr\/\">www.sport28.fr<\/a><\/h2><p>Le Comit\u00e9 D\u00e9partemental Olympique et Sportif d&rsquo;Eure-et-Loir met en \u0153uvre tous les moyens dont il<br \/>dispose pour assurer une information fiable et une mise \u00e0 jour de son site internet.<br \/>Toutefois, des erreurs ou omissions peuvent survenir. L\u2019internaute devra donc s\u2019assurer de l\u2019exactitude<br \/>des informations aupr\u00e8s du CDOS 28 et signaler toutes modifications du site qu\u2019il jugerait utile.<br \/>Le CDOS 28 n\u2019est en aucun cas responsable de l\u2019utilisation faite de ces informations et de tout pr\u00e9judice<br \/>direct ou indirect pouvant en d\u00e9couler.<\/p><h2>Politique de confidentialit\u00e9 et donn\u00e9es personnelles<\/h2><p>D\u2019une fa\u00e7on g\u00e9n\u00e9rale, vous pouvez visiter notre site Internet sans avoir \u00e0 d\u00e9cliner votre identit\u00e9 et \u00e0<br \/>fournir des informations personnelles vous concernant.<br \/>Cependant, ce principe comporte certaines exceptions. En effet, pour certains services propos\u00e9s par<br \/>notre site, vous pouvez \u00eatre amen\u00e9s \u00e0 nous communiquer certaines donn\u00e9es telles que : votre nom,<br \/>votre fonction, le nom de votre soci\u00e9t\u00e9, votre adresse \u00e9lectronique et votre num\u00e9ro de t\u00e9l\u00e9phone.<br \/>Tel est le cas lorsque vous d\u00e9sirez nous contacter par notre formulaire ou souscrire \u00e0 nos services<br \/>(inscription \u00e0 la newsletter, inscription \u00e0 une formation, r\u00e9servation de salles, mat\u00e9riels\u2026). Dans tous<br \/>les cas, vous pouvez refuser de fournir vos donn\u00e9es personnelles mais alors vous ne pourrez pas utiliser<br \/>les services du site.<br \/>Enfin, nous pouvons collecter de mani\u00e8re automatique certaines informations vous concernant lors<br \/>d\u2019une simple navigation sur notre site Internet, notamment : des informations concernant l\u2019utilisation de<br \/>notre site, comme les zones que vous visitez et les services auxquels vous acc\u00e9dez, votre adresse IP,<br \/>le type de votre navigateur, vos temps d\u2019acc\u00e8s.<br \/>De telles informations sont utilis\u00e9es exclusivement \u00e0 des fins de statistiques internes, de mani\u00e8re \u00e0<br \/>am\u00e9liorer la qualit\u00e9 des services qui vous sont propos\u00e9s.<\/p><h2>Loi informatique et libert\u00e9s<\/h2><p>Les informations personnelles pouvant \u00eatre recueillies sur ce site font l\u2019objet d\u2019un traitement informatis\u00e9<br \/>et sont destin\u00e9es au secr\u00e9tariat de l\u2019\u00e9tablissement.<br \/>Conform\u00e9ment aux articles 39 et suivants de la loi informatique et libert\u00e9s du 6 janvier 1978 modifi\u00e9e,<br \/>vous b\u00e9n\u00e9ficiez d\u2019un droit d\u2019acc\u00e8s et de rectification aux informations qui vous concernent.<br \/>Ces droits peuvent \u00eatre exerc\u00e9s directement par courrier ou par e-mail adress\u00e9 au si\u00e8ge de l\u2019association<br \/>CDOS 28.<\/p><h2>Cookies<\/h2><p>Le site<span>\u00a0<\/span><a href=\"http:\/\/www.sport28.fr\/\">www.sport28.fr<\/a><span>\u00a0<\/span>peut \u00eatre amen\u00e9 \u00e0 vous demander l\u2019acceptation des cookies pour des besoins de<br \/>statistiques et d\u2019affichage.<br \/>Un cookie est une information d\u00e9pos\u00e9e sur votre disque dure par le serveur du site que vous visitez.<br \/>Il contient plusieurs donn\u00e9es qui sont stock\u00e9es sur votre ordinateur dans un simple fichier texte auquel<br \/>un serveur acc\u00e8de pour lire et enregistrer des informations.<br \/>Certaines parties de ce site ne peuvent \u00eatre fonctionnelles sans l\u2019acceptation de cookies.<\/p><\/div>\t\t\t\t\t\t\t\t<\/div>\n\t\t\t\t<\/div>\n\t\t\t\t\t<\/div>\n\t\t\t\t<\/div>\n\t\t\t\t<\/div>\n\t\t","protected":false},"excerpt":{"rendered":"<p>Mentions l\u00e9gales Si\u00e8ge social : Comit\u00e9 D\u00e9partemental Olympique et Sportif d&rsquo;Eure-et-Loir5 rue du petit R\u00e9au 28300 L\u00e8vesTel : 09.84.38.25.07Mail :\u00a0eureetloir@franceolympique.com Directeur de la publication : Pr\u00e9sident du CDOS 28. Conception [&hellip;]<\/p>\n","protected":false},"author":1,"featured_media":0,"parent":0,"menu_order":0,"comment_status":"closed","ping_status":"closed","template":"page-templates\/template-pagebuilder-full-width.php","meta":{"footnotes":""},"class_list":["post-1226","page","type-page","status-publish","hentry"],"yoast_head":"<!-- This site is optimized with the Yoast SEO plugin v27.5 - https:\/\/yoast.com\/product\/yoast-seo-wordpress\/ -->\n<title>Mentions l\u00e9gales - CDOS 28<\/title>\n<meta name=\"robots\" content=\"index, follow, max-snippet:-1, max-image-preview:large, max-video-preview:-1\" \/>\n<link rel=\"canonical\" href=\"https:\/\/www.sport28.fr\/index.php\/mentions-legales-2\/\" \/>\n<meta property=\"og:locale\" content=\"fr_FR\" \/>\n<meta property=\"og:type\" content=\"article\" \/>\n<meta property=\"og:title\" content=\"Mentions l\u00e9gales - CDOS 28\" \/>\n<meta property=\"og:description\" content=\"Mentions l\u00e9gales Si\u00e8ge social : Comit\u00e9 D\u00e9partemental Olympique et Sportif d&rsquo;Eure-et-Loir5 rue du petit R\u00e9au 28300 L\u00e8vesTel : 09.84.38.25.07Mail :\u00a0eureetloir@franceolympique.com Directeur de la publication : Pr\u00e9sident du CDOS 28. Conception [&hellip;]\" \/>\n<meta property=\"og:url\" content=\"https:\/\/www.sport28.fr\/index.php\/mentions-legales-2\/\" \/>\n<meta property=\"og:site_name\" content=\"CDOS 28\" \/>\n<meta property=\"article:publisher\" content=\"https:\/\/www.facebook.com\/CDOS28?locale=fr_FR\" \/>\n<meta property=\"article:modified_time\" content=\"2023-11-20T09:41:54+00:00\" \/>\n<meta property=\"og:image\" content=\"https:\/\/www.sport28.fr\/wp-content\/uploads\/2023\/10\/cdos_eure_et_loir_logo.jpg\" \/>\n\t<meta property=\"og:image:width\" content=\"1000\" \/>\n\t<meta property=\"og:image:height\" content=\"1000\" \/>\n\t<meta property=\"og:image:type\" content=\"image\/jpeg\" \/>\n<meta name=\"twitter:card\" content=\"summary_large_image\" \/>\n<meta name=\"twitter:label1\" content=\"Dur\u00e9e de lecture estim\u00e9e\" \/>\n\t<meta name=\"twitter:data1\" content=\"4 minutes\" \/>\n<script type=\"application\/ld+json\" class=\"yoast-schema-graph\">{\"@context\":\"https:\\\/\\\/schema.org\",\"@graph\":[{\"@type\":\"WebPage\",\"@id\":\"https:\\\/\\\/www.sport28.fr\\\/index.php\\\/mentions-legales-2\\\/\",\"url\":\"https:\\\/\\\/www.sport28.fr\\\/index.php\\\/mentions-legales-2\\\/\",\"name\":\"Mentions l\u00e9gales - CDOS 28\",\"isPartOf\":{\"@id\":\"https:\\\/\\\/www.sport28.fr\\\/#website\"},\"datePublished\":\"2023-11-20T09:39:50+00:00\",\"dateModified\":\"2023-11-20T09:41:54+00:00\",\"breadcrumb\":{\"@id\":\"https:\\\/\\\/www.sport28.fr\\\/index.php\\\/mentions-legales-2\\\/#breadcrumb\"},\"inLanguage\":\"fr-FR\",\"potentialAction\":[{\"@type\":\"ReadAction\",\"target\":[\"https:\\\/\\\/www.sport28.fr\\\/index.php\\\/mentions-legales-2\\\/\"]}]},{\"@type\":\"BreadcrumbList\",\"@id\":\"https:\\\/\\\/www.sport28.fr\\\/index.php\\\/mentions-legales-2\\\/#breadcrumb\",\"itemListElement\":[{\"@type\":\"ListItem\",\"position\":1,\"name\":\"Accueil\",\"item\":\"https:\\\/\\\/www.sport28.fr\\\/\"},{\"@type\":\"ListItem\",\"position\":2,\"name\":\"Mentions l\u00e9gales\"}]},{\"@type\":\"WebSite\",\"@id\":\"https:\\\/\\\/www.sport28.fr\\\/#website\",\"url\":\"https:\\\/\\\/www.sport28.fr\\\/\",\"name\":\"CDOS 28\",\"description\":\"Comit\u00e9 D\u00e9partementale Olympique et Sportif d&#039;Eure et Loir\",\"publisher\":{\"@id\":\"https:\\\/\\\/www.sport28.fr\\\/#organization\"},\"potentialAction\":[{\"@type\":\"SearchAction\",\"target\":{\"@type\":\"EntryPoint\",\"urlTemplate\":\"https:\\\/\\\/www.sport28.fr\\\/?s={search_term_string}\"},\"query-input\":{\"@type\":\"PropertyValueSpecification\",\"valueRequired\":true,\"valueName\":\"search_term_string\"}}],\"inLanguage\":\"fr-FR\"},{\"@type\":\"Organization\",\"@id\":\"https:\\\/\\\/www.sport28.fr\\\/#organization\",\"name\":\"Comit\u00e9 d\u00e9partemental olympique et sportif d'eure-et-loir\",\"alternateName\":\"cdos 28\",\"url\":\"https:\\\/\\\/www.sport28.fr\\\/\",\"logo\":{\"@type\":\"ImageObject\",\"inLanguage\":\"fr-FR\",\"@id\":\"https:\\\/\\\/www.sport28.fr\\\/#\\\/schema\\\/logo\\\/image\\\/\",\"url\":\"https:\\\/\\\/www.sport28.fr\\\/wp-content\\\/uploads\\\/2023\\\/10\\\/cdos_eure_et_loir_logo.jpg\",\"contentUrl\":\"https:\\\/\\\/www.sport28.fr\\\/wp-content\\\/uploads\\\/2023\\\/10\\\/cdos_eure_et_loir_logo.jpg\",\"width\":1000,\"height\":1000,\"caption\":\"Comit\u00e9 d\u00e9partemental olympique et sportif d'eure-et-loir\"},\"image\":{\"@id\":\"https:\\\/\\\/www.sport28.fr\\\/#\\\/schema\\\/logo\\\/image\\\/\"},\"sameAs\":[\"https:\\\/\\\/www.facebook.com\\\/CDOS28?locale=fr_FR\"]}]}<\/script>\n<!-- \/ Yoast SEO plugin. -->","yoast_head_json":{"title":"Mentions l\u00e9gales - CDOS 28","robots":{"index":"index","follow":"follow","max-snippet":"max-snippet:-1","max-image-preview":"max-image-preview:large","max-video-preview":"max-video-preview:-1"},"canonical":"https:\/\/www.sport28.fr\/index.php\/mentions-legales-2\/","og_locale":"fr_FR","og_type":"article","og_title":"Mentions l\u00e9gales - CDOS 28","og_description":"Mentions l\u00e9gales Si\u00e8ge social : Comit\u00e9 D\u00e9partemental Olympique et Sportif d&rsquo;Eure-et-Loir5 rue du petit R\u00e9au 28300 L\u00e8vesTel : 09.84.38.25.07Mail :\u00a0eureetloir@franceolympique.com Directeur de la publication : Pr\u00e9sident du CDOS 28. Conception [&hellip;]","og_url":"https:\/\/www.sport28.fr\/index.php\/mentions-legales-2\/","og_site_name":"CDOS 28","article_publisher":"https:\/\/www.facebook.com\/CDOS28?locale=fr_FR","article_modified_time":"2023-11-20T09:41:54+00:00","og_image":[{"width":1000,"height":1000,"url":"https:\/\/www.sport28.fr\/wp-content\/uploads\/2023\/10\/cdos_eure_et_loir_logo.jpg","type":"image\/jpeg"}],"twitter_card":"summary_large_image","twitter_misc":{"Dur\u00e9e de lecture estim\u00e9e":"4 minutes"},"schema":{"@context":"https:\/\/schema.org","@graph":[{"@type":"WebPage","@id":"https:\/\/www.sport28.fr\/index.php\/mentions-legales-2\/","url":"https:\/\/www.sport28.fr\/index.php\/mentions-legales-2\/","name":"Mentions l\u00e9gales - CDOS 28","isPartOf":{"@id":"https:\/\/www.sport28.fr\/#website"},"datePublished":"2023-11-20T09:39:50+00:00","dateModified":"2023-11-20T09:41:54+00:00","breadcrumb":{"@id":"https:\/\/www.sport28.fr\/index.php\/mentions-legales-2\/#breadcrumb"},"inLanguage":"fr-FR","potentialAction":[{"@type":"ReadAction","target":["https:\/\/www.sport28.fr\/index.php\/mentions-legales-2\/"]}]},{"@type":"BreadcrumbList","@id":"https:\/\/www.sport28.fr\/index.php\/mentions-legales-2\/#breadcrumb","itemListElement":[{"@type":"ListItem","position":1,"name":"Accueil","item":"https:\/\/www.sport28.fr\/"},{"@type":"ListItem","position":2,"name":"Mentions l\u00e9gales"}]},{"@type":"WebSite","@id":"https:\/\/www.sport28.fr\/#website","url":"https:\/\/www.sport28.fr\/","name":"CDOS 28","description":"Comit\u00e9 D\u00e9partementale Olympique et Sportif d&#039;Eure et Loir","publisher":{"@id":"https:\/\/www.sport28.fr\/#organization"},"potentialAction":[{"@type":"SearchAction","target":{"@type":"EntryPoint","urlTemplate":"https:\/\/www.sport28.fr\/?s={search_term_string}"},"query-input":{"@type":"PropertyValueSpecification","valueRequired":true,"valueName":"search_term_string"}}],"inLanguage":"fr-FR"},{"@type":"Organization","@id":"https:\/\/www.sport28.fr\/#organization","name":"Comit\u00e9 d\u00e9partemental olympique et sportif d'eure-et-loir","alternateName":"cdos 28","url":"https:\/\/www.sport28.fr\/","logo":{"@type":"ImageObject","inLanguage":"fr-FR","@id":"https:\/\/www.sport28.fr\/#\/schema\/logo\/image\/","url":"https:\/\/www.sport28.fr\/wp-content\/uploads\/2023\/10\/cdos_eure_et_loir_logo.jpg","contentUrl":"https:\/\/www.sport28.fr\/wp-content\/uploads\/2023\/10\/cdos_eure_et_loir_logo.jpg","width":1000,"height":1000,"caption":"Comit\u00e9 d\u00e9partemental olympique et sportif d'eure-et-loir"},"image":{"@id":"https:\/\/www.sport28.fr\/#\/schema\/logo\/image\/"},"sameAs":["https:\/\/www.facebook.com\/CDOS28?locale=fr_FR"]}]}},"_links":{"self":[{"href":"https:\/\/www.sport28.fr\/index.php\/wp-json\/wp\/v2\/pages\/1226","targetHints":{"allow":["GET"]}}],"collection":[{"href":"https:\/\/www.sport28.fr\/index.php\/wp-json\/wp\/v2\/pages"}],"about":[{"href":"https:\/\/www.sport28.fr\/index.php\/wp-json\/wp\/v2\/types\/page"}],"author":[{"embeddable":true,"href":"https:\/\/www.sport28.fr\/index.php\/wp-json\/wp\/v2\/users\/1"}],"replies":[{"embeddable":true,"href":"https:\/\/www.sport28.fr\/index.php\/wp-json\/wp\/v2\/comments?post=1226"}],"version-history":[{"count":7,"href":"https:\/\/www.sport28.fr\/index.php\/wp-json\/wp\/v2\/pages\/1226\/revisions"}],"predecessor-version":[{"id":1863,"href":"https:\/\/www.sport28.fr\/index.php\/wp-json\/wp\/v2\/pages\/1226\/revisions\/1863"}],"wp:attachment":[{"href":"https:\/\/www.sport28.fr\/index.php\/wp-json\/wp\/v2\/media?parent=1226"}],"curies":[{"name":"wp","href":"https:\/\/api.w.org\/{rel}","templated":true}]}}