{"id":1163,"date":"2023-10-11T13:41:47","date_gmt":"2023-10-11T11:41:47","guid":{"rendered":"http:\/\/www.dev.sport28.fr\/?page_id=1163"},"modified":"2025-01-03T12:45:03","modified_gmt":"2025-01-03T11:45:03","slug":"diagnostics-sportifs-de-territoire","status":"publish","type":"page","link":"https:\/\/www.sport28.fr\/index.php\/diagnostics-sportifs-de-territoire\/","title":{"rendered":"Diagnostics sportifs de territoire"},"content":{"rendered":"\t\t<div data-elementor-type=\"wp-page\" data-elementor-id=\"1163\" class=\"elementor elementor-1163\" data-elementor-post-type=\"page\">\n\t\t\t\t<div class=\"elementor-element elementor-element-641dc549 e-flex e-con-boxed e-con e-parent\" data-id=\"641dc549\" data-element_type=\"container\" data-e-type=\"container\" data-settings=\"{&quot;background_background&quot;:&quot;classic&quot;}\">\n\t\t\t\t\t<div class=\"e-con-inner\">\n\t\t<div class=\"elementor-element elementor-element-7532eca e-con-full e-flex e-con e-child\" data-id=\"7532eca\" data-element_type=\"container\" data-e-type=\"container\">\n\t\t\t\t<div class=\"elementor-element elementor-element-1b93c71e animated-slow elementor-invisible elementor-widget elementor-widget-heading\" data-id=\"1b93c71e\" data-element_type=\"widget\" data-e-type=\"widget\" data-settings=\"{&quot;_animation&quot;:&quot;slideInUp&quot;}\" data-widget_type=\"heading.default\">\n\t\t\t\t<div class=\"elementor-widget-container\">\n\t\t\t\t\t<h2 class=\"elementor-heading-title elementor-size-default\">diagnostics sportifs et territoire.<\/h2>\t\t\t\t<\/div>\n\t\t\t\t<\/div>\n\t\t\t\t<\/div>\n\t\t<div class=\"elementor-element elementor-element-260bec71 e-con-full e-flex e-con e-child\" data-id=\"260bec71\" data-element_type=\"container\" data-e-type=\"container\">\n\t\t\t\t<div class=\"elementor-element elementor-element-12a5675a elementor-widget__width-inherit elementor-widget elementor-widget-toggle\" data-id=\"12a5675a\" data-element_type=\"widget\" data-e-type=\"widget\" data-widget_type=\"toggle.default\">\n\t\t\t\t<div class=\"elementor-widget-container\">\n\t\t\t\t\t\t\t<div class=\"elementor-toggle\">\n\t\t\t\t\t\t\t<div class=\"elementor-toggle-item\">\n\t\t\t\t\t<h3 id=\"elementor-tab-title-3121\" class=\"elementor-tab-title\" data-tab=\"1\" role=\"button\" aria-controls=\"elementor-tab-content-3121\" aria-expanded=\"false\">\n\t\t\t\t\t\t\t\t\t\t\t\t<span class=\"elementor-toggle-icon elementor-toggle-icon-right\" aria-hidden=\"true\">\n\t\t\t\t\t\t\t\t\t\t\t\t\t\t\t<span class=\"elementor-toggle-icon-closed\"><i class=\"fas fa-plus\"><\/i><\/span>\n\t\t\t\t\t\t\t\t<span class=\"elementor-toggle-icon-opened\"><i class=\"elementor-toggle-icon-opened fas fa-minus\"><\/i><\/span>\n\t\t\t\t\t\t\t\t\t\t\t\t\t<\/span>\n\t\t\t\t\t\t\t\t\t\t\t\t<a class=\"elementor-toggle-title\" tabindex=\"0\">objectifs<\/a>\n\t\t\t\t\t<\/h3>\n\n\t\t\t\t\t<div id=\"elementor-tab-content-3121\" class=\"elementor-tab-content elementor-clearfix\" data-tab=\"1\" role=\"region\" aria-labelledby=\"elementor-tab-title-3121\"><p>Dans le contexte actuel et face \u00e0 l\u2019\u00e9volution perp\u00e9tuelle du contexte local et national, nouvelles EPCI, baisse des finances publiques, le Comit\u00e9 D\u00e9partemental Olympique et Sportif d\u2019Eure et Loir souhaite mettre en place au niveau du d\u00e9partement une action d\u2019accompagnement au profit des collectivit\u00e9s territoriales et au mouvement sportif du territoire Eur\u00e9lien.<\/p><p>Cet accompagnement adapt\u00e9 et r\u00e9pondant aux besoins de chaque territoire sera mis en place de fa\u00e7on p\u00e9renne en partenariat avec les diff\u00e9rents acteurs sportifs locaux.<\/p><p>Pour commencer cette action, le\u00a0CDOS 28\u00a0met en place un Diagnostic Territorial Approfondi sur chaque territoire. Cet outil consiste en un recueil de donn\u00e9es quantitatives et qualitatives qui ont pour but de faire appara\u00eetre les caract\u00e9ristiques d\u2019un territoire tout en mettant en \u00e9vidence ses atouts, ses faiblesses et ses potentiels.<\/p><p>La mise en place d\u2019un diagnostic sportif territorial s\u2019av\u00e8re opportun afin que chaque territoire puisse b\u00e9n\u00e9ficier d\u2019un \u00e9tat des lieux complet du champ sportif sur leur territoire. Outre l\u2019apport d\u2019une connaissance fine du sport sur le territoire (associations, \u00e9quipements\u2026), il constituera un v\u00e9ritable outil d\u2019aide \u00e0 la d\u00e9cision ainsi qu\u2019une base utile pour \u00e9laborer un plan d\u2019actions coh\u00e9rent, concert\u00e9 et partag\u00e9 entre les diff\u00e9rents acteurs du sport sur le territoire.<\/p><p><em>Il est important de pr\u00e9ciser que ces diagnostics et leurs pr\u00e9conisations sont avant tout un outil d\u2019aide au d\u00e9veloppement des territoires.<\/em><\/p><\/div>\n\t\t\t\t<\/div>\n\t\t\t\t\t\t\t\t<\/div>\n\t\t\t\t\t\t<\/div>\n\t\t\t\t<\/div>\n\t\t\t\t<div class=\"elementor-element elementor-element-512780dd elementor-widget__width-inherit elementor-widget elementor-widget-toggle\" data-id=\"512780dd\" data-element_type=\"widget\" data-e-type=\"widget\" data-widget_type=\"toggle.default\">\n\t\t\t\t<div class=\"elementor-widget-container\">\n\t\t\t\t\t\t\t<div class=\"elementor-toggle\">\n\t\t\t\t\t\t\t<div class=\"elementor-toggle-item\">\n\t\t\t\t\t<h3 id=\"elementor-tab-title-1361\" class=\"elementor-tab-title\" data-tab=\"1\" role=\"button\" aria-controls=\"elementor-tab-content-1361\" aria-expanded=\"false\">\n\t\t\t\t\t\t\t\t\t\t\t\t<span class=\"elementor-toggle-icon elementor-toggle-icon-right\" aria-hidden=\"true\">\n\t\t\t\t\t\t\t\t\t\t\t\t\t\t\t<span class=\"elementor-toggle-icon-closed\"><i class=\"fas fa-plus\"><\/i><\/span>\n\t\t\t\t\t\t\t\t<span class=\"elementor-toggle-icon-opened\"><i class=\"elementor-toggle-icon-opened fas fa-minus\"><\/i><\/span>\n\t\t\t\t\t\t\t\t\t\t\t\t\t<\/span>\n\t\t\t\t\t\t\t\t\t\t\t\t<a class=\"elementor-toggle-title\" tabindex=\"0\">outils<\/a>\n\t\t\t\t\t<\/h3>\n\n\t\t\t\t\t<div id=\"elementor-tab-content-1361\" class=\"elementor-tab-content elementor-clearfix\" data-tab=\"1\" role=\"region\" aria-labelledby=\"elementor-tab-title-1361\"><p>Le diagnostic territorial est avant tout un outil d\u2019aide \u00e0 la d\u00e9cision. Il se caract\u00e9rise par le recueil de donn\u00e9es quantitatives et objectives, mais aussi de donn\u00e9es qualitatives qui ont pour but de faire appara\u00eetre les caract\u00e9ristiques, les atouts, les faiblesses et les potentialit\u00e9s d\u2019un territoire donn\u00e9.<\/p><\/div>\n\t\t\t\t<\/div>\n\t\t\t\t\t\t\t\t<\/div>\n\t\t\t\t\t\t<\/div>\n\t\t\t\t<\/div>\n\t\t\t\t<div class=\"elementor-element elementor-element-27f5d8c8 elementor-widget__width-inherit elementor-widget elementor-widget-toggle\" data-id=\"27f5d8c8\" data-element_type=\"widget\" data-e-type=\"widget\" data-widget_type=\"toggle.default\">\n\t\t\t\t<div class=\"elementor-widget-container\">\n\t\t\t\t\t\t\t<div class=\"elementor-toggle\">\n\t\t\t\t\t\t\t<div class=\"elementor-toggle-item\">\n\t\t\t\t\t<h3 id=\"elementor-tab-title-6701\" class=\"elementor-tab-title\" data-tab=\"1\" role=\"button\" aria-controls=\"elementor-tab-content-6701\" aria-expanded=\"false\">\n\t\t\t\t\t\t\t\t\t\t\t\t<span class=\"elementor-toggle-icon elementor-toggle-icon-right\" aria-hidden=\"true\">\n\t\t\t\t\t\t\t\t\t\t\t\t\t\t\t<span class=\"elementor-toggle-icon-closed\"><i class=\"fas fa-plus\"><\/i><\/span>\n\t\t\t\t\t\t\t\t<span class=\"elementor-toggle-icon-opened\"><i class=\"elementor-toggle-icon-opened fas fa-minus\"><\/i><\/span>\n\t\t\t\t\t\t\t\t\t\t\t\t\t<\/span>\n\t\t\t\t\t\t\t\t\t\t\t\t<a class=\"elementor-toggle-title\" tabindex=\"0\">comit\u00e9 de pilotage<\/a>\n\t\t\t\t\t<\/h3>\n\n\t\t\t\t\t<div id=\"elementor-tab-content-6701\" class=\"elementor-tab-content elementor-clearfix\" data-tab=\"1\" role=\"region\" aria-labelledby=\"elementor-tab-title-6701\"><p>Par la suite, est envisag\u00e9 la cr\u00e9ation d\u2019un comit\u00e9 de pilotage sur le territoire afin de f\u00e9d\u00e9rer l\u2019ensemble des forces vives des acteurs sportifs afin de mettre en \u0153uvre un projet sportif de territoire.<\/p><p>Les objectifs de ce comit\u00e9 de pilotage et de ce projet sportif de territoire seraient les suivants\u00a0:<\/p><ul><li>La remont\u00e9e et la prise en compte des besoins exprim\u00e9es par les acteurs locaux (collectivit\u00e9s, associations sportives, \u00e9tablissements scolaires).<\/li><li>\u00a0sch\u00e9ma directeur d\u2019\u00e9quipements sportifs (d\u00e9termination des besoins prioritaires en infrastructures sportives).<\/li><li>D\u2019\u00eatre un lieu de rencontre pour les clubs locaux\u00a0: concertations autour de la mutualisation (d\u2019\u00e9quipements, de mat\u00e9riel, de ressources humaines\u2026) et de la r\u00e9partition de cr\u00e9neaux horaires.<\/li><li>D\u2019accompagner les projets structurants des associations sportives locales.<\/li><li>D\u2019\u00eatre une cellule d\u2019informations (diffusion des aides \u00e0 l\u2019emploi, \u00e0 l\u2019achat de mat\u00e9riels, \u00e0 la formation\u2026).<\/li><\/ul><p>Le but final serait la mise en place de d\u00e9clinaisons d&rsquo;actions afin de cr\u00e9er un projet sportif \u00e0 l&rsquo;\u00e9chelle de chaque communaut\u00e9s de communes.<\/p><p>Ce projet ne peut \u00eatre construit et mis en place sans inclure tous les acteurs principaux du territoires, raison pour laquelle l\u2019appui et le soutien des clubs locaux sont essentiels.<\/p><\/div>\n\t\t\t\t<\/div>\n\t\t\t\t\t\t\t\t<\/div>\n\t\t\t\t\t\t<\/div>\n\t\t\t\t<\/div>\n\t\t\t\t<\/div>\n\t\t\t\t\t<\/div>\n\t\t\t\t<\/div>\n\t\t<div class=\"elementor-element elementor-element-4f48220 e-flex e-con-boxed e-con e-parent\" data-id=\"4f48220\" data-element_type=\"container\" data-e-type=\"container\">\n\t\t\t\t\t<div class=\"e-con-inner\">\n\t\t\t\t<div class=\"elementor-element elementor-element-5eac983 elementor-widget-divider--view-line elementor-widget elementor-widget-divider\" data-id=\"5eac983\" data-element_type=\"widget\" data-e-type=\"widget\" data-widget_type=\"divider.default\">\n\t\t\t\t<div class=\"elementor-widget-container\">\n\t\t\t\t\t\t\t<div class=\"elementor-divider\">\n\t\t\t<span class=\"elementor-divider-separator\">\n\t\t\t\t\t\t<\/span>\n\t\t<\/div>\n\t\t\t\t\t\t<\/div>\n\t\t\t\t<\/div>\n\t\t\t\t\t<\/div>\n\t\t\t\t<\/div>\n\t\t\t\t<\/div>\n\t\t","protected":false},"excerpt":{"rendered":"<p>diagnostics sportifs et territoire. objectifs Dans le contexte actuel et face \u00e0 l\u2019\u00e9volution perp\u00e9tuelle du contexte local et national, nouvelles EPCI, baisse des finances publiques, le Comit\u00e9 D\u00e9partemental Olympique et [&hellip;]<\/p>\n","protected":false},"author":1,"featured_media":0,"parent":0,"menu_order":0,"comment_status":"closed","ping_status":"closed","template":"page-templates\/template-pagebuilder-full-width.php","meta":{"footnotes":""},"class_list":["post-1163","page","type-page","status-publish","hentry"],"yoast_head":"<!-- This site is optimized with the Yoast SEO plugin v27.5 - https:\/\/yoast.com\/product\/yoast-seo-wordpress\/ -->\n<title>Diagnostics sportifs de territoire - CDOS 28<\/title>\n<meta name=\"robots\" content=\"index, follow, max-snippet:-1, max-image-preview:large, max-video-preview:-1\" \/>\n<link rel=\"canonical\" href=\"https:\/\/www.sport28.fr\/index.php\/diagnostics-sportifs-de-territoire\/\" \/>\n<meta property=\"og:locale\" content=\"fr_FR\" \/>\n<meta property=\"og:type\" content=\"article\" \/>\n<meta property=\"og:title\" content=\"Diagnostics sportifs de territoire - CDOS 28\" \/>\n<meta property=\"og:description\" content=\"diagnostics sportifs et territoire. objectifs Dans le contexte actuel et face \u00e0 l\u2019\u00e9volution perp\u00e9tuelle du contexte local et national, nouvelles EPCI, baisse des finances publiques, le Comit\u00e9 D\u00e9partemental Olympique et [&hellip;]\" \/>\n<meta property=\"og:url\" content=\"https:\/\/www.sport28.fr\/index.php\/diagnostics-sportifs-de-territoire\/\" \/>\n<meta property=\"og:site_name\" content=\"CDOS 28\" \/>\n<meta property=\"article:publisher\" content=\"https:\/\/www.facebook.com\/CDOS28?locale=fr_FR\" \/>\n<meta property=\"article:modified_time\" content=\"2025-01-03T11:45:03+00:00\" \/>\n<meta property=\"og:image\" content=\"https:\/\/www.sport28.fr\/wp-content\/uploads\/2023\/10\/cdos_eure_et_loir_logo.jpg\" \/>\n\t<meta property=\"og:image:width\" content=\"1000\" \/>\n\t<meta property=\"og:image:height\" content=\"1000\" \/>\n\t<meta property=\"og:image:type\" content=\"image\/jpeg\" \/>\n<meta name=\"twitter:card\" content=\"summary_large_image\" \/>\n<meta name=\"twitter:label1\" content=\"Dur\u00e9e de lecture estim\u00e9e\" \/>\n\t<meta name=\"twitter:data1\" content=\"3 minutes\" \/>\n<script type=\"application\/ld+json\" class=\"yoast-schema-graph\">{\"@context\":\"https:\\\/\\\/schema.org\",\"@graph\":[{\"@type\":\"WebPage\",\"@id\":\"https:\\\/\\\/www.sport28.fr\\\/index.php\\\/diagnostics-sportifs-de-territoire\\\/\",\"url\":\"https:\\\/\\\/www.sport28.fr\\\/index.php\\\/diagnostics-sportifs-de-territoire\\\/\",\"name\":\"Diagnostics sportifs de territoire - CDOS 28\",\"isPartOf\":{\"@id\":\"https:\\\/\\\/www.sport28.fr\\\/#website\"},\"datePublished\":\"2023-10-11T11:41:47+00:00\",\"dateModified\":\"2025-01-03T11:45:03+00:00\",\"breadcrumb\":{\"@id\":\"https:\\\/\\\/www.sport28.fr\\\/index.php\\\/diagnostics-sportifs-de-territoire\\\/#breadcrumb\"},\"inLanguage\":\"fr-FR\",\"potentialAction\":[{\"@type\":\"ReadAction\",\"target\":[\"https:\\\/\\\/www.sport28.fr\\\/index.php\\\/diagnostics-sportifs-de-territoire\\\/\"]}]},{\"@type\":\"BreadcrumbList\",\"@id\":\"https:\\\/\\\/www.sport28.fr\\\/index.php\\\/diagnostics-sportifs-de-territoire\\\/#breadcrumb\",\"itemListElement\":[{\"@type\":\"ListItem\",\"position\":1,\"name\":\"Accueil\",\"item\":\"https:\\\/\\\/www.sport28.fr\\\/\"},{\"@type\":\"ListItem\",\"position\":2,\"name\":\"Diagnostics sportifs de territoire\"}]},{\"@type\":\"WebSite\",\"@id\":\"https:\\\/\\\/www.sport28.fr\\\/#website\",\"url\":\"https:\\\/\\\/www.sport28.fr\\\/\",\"name\":\"CDOS 28\",\"description\":\"Comit\u00e9 D\u00e9partementale Olympique et Sportif d&#039;Eure et Loir\",\"publisher\":{\"@id\":\"https:\\\/\\\/www.sport28.fr\\\/#organization\"},\"potentialAction\":[{\"@type\":\"SearchAction\",\"target\":{\"@type\":\"EntryPoint\",\"urlTemplate\":\"https:\\\/\\\/www.sport28.fr\\\/?s={search_term_string}\"},\"query-input\":{\"@type\":\"PropertyValueSpecification\",\"valueRequired\":true,\"valueName\":\"search_term_string\"}}],\"inLanguage\":\"fr-FR\"},{\"@type\":\"Organization\",\"@id\":\"https:\\\/\\\/www.sport28.fr\\\/#organization\",\"name\":\"Comit\u00e9 d\u00e9partemental olympique et sportif d'eure-et-loir\",\"alternateName\":\"cdos 28\",\"url\":\"https:\\\/\\\/www.sport28.fr\\\/\",\"logo\":{\"@type\":\"ImageObject\",\"inLanguage\":\"fr-FR\",\"@id\":\"https:\\\/\\\/www.sport28.fr\\\/#\\\/schema\\\/logo\\\/image\\\/\",\"url\":\"https:\\\/\\\/www.sport28.fr\\\/wp-content\\\/uploads\\\/2023\\\/10\\\/cdos_eure_et_loir_logo.jpg\",\"contentUrl\":\"https:\\\/\\\/www.sport28.fr\\\/wp-content\\\/uploads\\\/2023\\\/10\\\/cdos_eure_et_loir_logo.jpg\",\"width\":1000,\"height\":1000,\"caption\":\"Comit\u00e9 d\u00e9partemental olympique et sportif d'eure-et-loir\"},\"image\":{\"@id\":\"https:\\\/\\\/www.sport28.fr\\\/#\\\/schema\\\/logo\\\/image\\\/\"},\"sameAs\":[\"https:\\\/\\\/www.facebook.com\\\/CDOS28?locale=fr_FR\"]}]}<\/script>\n<!-- \/ Yoast SEO plugin. -->","yoast_head_json":{"title":"Diagnostics sportifs de territoire - CDOS 28","robots":{"index":"index","follow":"follow","max-snippet":"max-snippet:-1","max-image-preview":"max-image-preview:large","max-video-preview":"max-video-preview:-1"},"canonical":"https:\/\/www.sport28.fr\/index.php\/diagnostics-sportifs-de-territoire\/","og_locale":"fr_FR","og_type":"article","og_title":"Diagnostics sportifs de territoire - CDOS 28","og_description":"diagnostics sportifs et territoire. objectifs Dans le contexte actuel et face \u00e0 l\u2019\u00e9volution perp\u00e9tuelle du contexte local et national, nouvelles EPCI, baisse des finances publiques, le Comit\u00e9 D\u00e9partemental Olympique et [&hellip;]","og_url":"https:\/\/www.sport28.fr\/index.php\/diagnostics-sportifs-de-territoire\/","og_site_name":"CDOS 28","article_publisher":"https:\/\/www.facebook.com\/CDOS28?locale=fr_FR","article_modified_time":"2025-01-03T11:45:03+00:00","og_image":[{"width":1000,"height":1000,"url":"https:\/\/www.sport28.fr\/wp-content\/uploads\/2023\/10\/cdos_eure_et_loir_logo.jpg","type":"image\/jpeg"}],"twitter_card":"summary_large_image","twitter_misc":{"Dur\u00e9e de lecture estim\u00e9e":"3 minutes"},"schema":{"@context":"https:\/\/schema.org","@graph":[{"@type":"WebPage","@id":"https:\/\/www.sport28.fr\/index.php\/diagnostics-sportifs-de-territoire\/","url":"https:\/\/www.sport28.fr\/index.php\/diagnostics-sportifs-de-territoire\/","name":"Diagnostics sportifs de territoire - CDOS 28","isPartOf":{"@id":"https:\/\/www.sport28.fr\/#website"},"datePublished":"2023-10-11T11:41:47+00:00","dateModified":"2025-01-03T11:45:03+00:00","breadcrumb":{"@id":"https:\/\/www.sport28.fr\/index.php\/diagnostics-sportifs-de-territoire\/#breadcrumb"},"inLanguage":"fr-FR","potentialAction":[{"@type":"ReadAction","target":["https:\/\/www.sport28.fr\/index.php\/diagnostics-sportifs-de-territoire\/"]}]},{"@type":"BreadcrumbList","@id":"https:\/\/www.sport28.fr\/index.php\/diagnostics-sportifs-de-territoire\/#breadcrumb","itemListElement":[{"@type":"ListItem","position":1,"name":"Accueil","item":"https:\/\/www.sport28.fr\/"},{"@type":"ListItem","position":2,"name":"Diagnostics sportifs de territoire"}]},{"@type":"WebSite","@id":"https:\/\/www.sport28.fr\/#website","url":"https:\/\/www.sport28.fr\/","name":"CDOS 28","description":"Comit\u00e9 D\u00e9partementale Olympique et Sportif d&#039;Eure et Loir","publisher":{"@id":"https:\/\/www.sport28.fr\/#organization"},"potentialAction":[{"@type":"SearchAction","target":{"@type":"EntryPoint","urlTemplate":"https:\/\/www.sport28.fr\/?s={search_term_string}"},"query-input":{"@type":"PropertyValueSpecification","valueRequired":true,"valueName":"search_term_string"}}],"inLanguage":"fr-FR"},{"@type":"Organization","@id":"https:\/\/www.sport28.fr\/#organization","name":"Comit\u00e9 d\u00e9partemental olympique et sportif d'eure-et-loir","alternateName":"cdos 28","url":"https:\/\/www.sport28.fr\/","logo":{"@type":"ImageObject","inLanguage":"fr-FR","@id":"https:\/\/www.sport28.fr\/#\/schema\/logo\/image\/","url":"https:\/\/www.sport28.fr\/wp-content\/uploads\/2023\/10\/cdos_eure_et_loir_logo.jpg","contentUrl":"https:\/\/www.sport28.fr\/wp-content\/uploads\/2023\/10\/cdos_eure_et_loir_logo.jpg","width":1000,"height":1000,"caption":"Comit\u00e9 d\u00e9partemental olympique et sportif d'eure-et-loir"},"image":{"@id":"https:\/\/www.sport28.fr\/#\/schema\/logo\/image\/"},"sameAs":["https:\/\/www.facebook.com\/CDOS28?locale=fr_FR"]}]}},"_links":{"self":[{"href":"https:\/\/www.sport28.fr\/index.php\/wp-json\/wp\/v2\/pages\/1163","targetHints":{"allow":["GET"]}}],"collection":[{"href":"https:\/\/www.sport28.fr\/index.php\/wp-json\/wp\/v2\/pages"}],"about":[{"href":"https:\/\/www.sport28.fr\/index.php\/wp-json\/wp\/v2\/types\/page"}],"author":[{"embeddable":true,"href":"https:\/\/www.sport28.fr\/index.php\/wp-json\/wp\/v2\/users\/1"}],"replies":[{"embeddable":true,"href":"https:\/\/www.sport28.fr\/index.php\/wp-json\/wp\/v2\/comments?post=1163"}],"version-history":[{"count":46,"href":"https:\/\/www.sport28.fr\/index.php\/wp-json\/wp\/v2\/pages\/1163\/revisions"}],"predecessor-version":[{"id":3659,"href":"https:\/\/www.sport28.fr\/index.php\/wp-json\/wp\/v2\/pages\/1163\/revisions\/3659"}],"wp:attachment":[{"href":"https:\/\/www.sport28.fr\/index.php\/wp-json\/wp\/v2\/media?parent=1163"}],"curies":[{"name":"wp","href":"https:\/\/api.w.org\/{rel}","templated":true}]}}